{"id":9955,"date":"2024-03-19T08:44:14","date_gmt":"2024-03-19T08:44:14","guid":{"rendered":"https:\/\/mosillus.com\/go\/?page_id=9955"},"modified":"2026-02-20T07:59:05","modified_gmt":"2026-02-20T07:59:05","slug":"offsetdruck","status":"publish","type":"page","link":"https:\/\/mosillus.com\/go\/offsetdruck\/","title":{"rendered":"OFFSETDRUCK"},"content":{"rendered":"<div class=\"wpb-content-wrapper\"><p>[vc_row][vc_column][vc_empty_space height=&#8221;65px&#8221;][\/vc_column][\/vc_row][vc_row][vc_column][vc_column_text css=&#8221;&#8221;]<\/p>\r\n<h2 class=\"wp-block-heading\"><strong>IHR PARTNER F\u00dcR OFFSETDRUCK<\/strong><\/h2>\r\n<p><!-- \/wp:post-content -->\r\n\r\n<!-- wp:paragraph -->Wir bieten Ihnen professionelle L\u00f6sungen f\u00fcr Offset- und Digitaldruck, die Ihre Erwartungen \u00fcbertreffen \u2013 und das zu attraktiven Preisen. Mit unserer langj\u00e4hrigen Erfahrung und unserem Engagement f\u00fcr h\u00f6chste Qualit\u00e4t garantieren wir Ihnen herausragende Ergebnisse, die Ihre Botschaft effektiv vermitteln.<\/p>\r\n<p><!-- \/wp:paragraph -->\r\n\r\n<!-- wp:paragraph -->Mit unseren beiden Offsetdruckpartnern setzen wir auf modernste Technologie und erstklassige Materialien, um Ihre Druckprojekte in brillanter Farbqualit\u00e4t und gestochen scharfer Pr\u00e4zision umzusetzen. Ebenfalls bieten wir ein umfangreiches Angebot an bedruckbaren Recyclingmaterialien und Papieren. Egal, ob es sich um Brosch\u00fcren, Flyer, Poster oder Visitenkarten handelt, wir liefern Ihnen Produkte, die beeindrucken \u2013 und das zu einem ausgezeichneten Preis-Leistungs-Verh\u00e4ltnis.<\/p>\r\n<p>[\/vc_column_text][\/vc_column][\/vc_row][vc_row][vc_column][vc_separator css=&#8221;&#8221;][\/vc_column][\/vc_row][vc_row][vc_column css_animation=&#8221;fadeInLeft&#8221; width=&#8221;1\/2&#8243; overflow=&#8221;default&#8221;][vc_single_image image=&#8221;11064&#8243; img_size=&#8221;full&#8221; css=&#8221;&#8221;][\/vc_column][vc_column css_animation=&#8221;fadeInRight&#8221; width=&#8221;1\/2&#8243; overflow=&#8221;default&#8221;][vc_single_image image=&#8221;11073&#8243; img_size=&#8221;full&#8221; css=&#8221;&#8221;][\/vc_column][\/vc_row][vc_row][vc_column][vc_column_text css=&#8221;&#8221;]<\/p>\r\n<p>Ihr Projekt verdient Perfektion. Unser Team aus Fachleuten begleitet Sie mit Leidenschaft und Expertise zu Ihrer individuellen Druckl\u00f6sung. Neben erstklassigen Produkten erwartet Sie bei uns ein Service, der Ma\u00dfst\u00e4be setzt.<\/p>\r\n<p><!-- \/wp:paragraph -->\r\n\r\n<!-- wp:paragraph -->Erleben Sie Druckqualit\u00e4t, die man f\u00fchlen kann: Besuchen Sie Mosillus Media und begutachten Sie unsere Papiere \u2013 ob umweltbewusstes Recycling oder brillanter Hochglanz. Wir freuen uns darauf, Ihr n\u00e4chstes Projekt gemeinsam zu realisieren!<\/p>\r\n<p><!-- \/wp:paragraph -->\u00a0<\/p>\r\n<p>[\/vc_column_text][\/vc_column][\/vc_row][vc_row][vc_column][vc_separator css=&#8221;&#8221;][\/vc_column][\/vc_row][vc_row][vc_column][vc_column_text css=&#8221;&#8221;]<\/p>\r\n<p><!-- \/wp:paragraph -->\r\n\r\n<!-- wp:paragraph --><span style=\"font-size: 14px;\"><em>\u00dcbrigens: Auch im <span style=\"color: #808080;\"><a style=\"color: #808080;\" href=\"https:\/\/mosillus.com\/go\/index.php\/textildruck\/\" data-type=\"link\" data-id=\"https:\/\/mosillus.com\/go\/index.php\/textildruck\/\"><strong>Textildruck<\/strong><\/a> <\/span>sind wir Ihr zuverl\u00e4ssiger Partner.\u00a0<span style=\"white-space: normal;\">Mit einem vielseitigen Sortiment hochwertiger Textilien und modernsten Druckverfahren wie FLEX, FLOCK und SUBLIMATIONSDRUCK erwecken wir Ihre Designs zum Leben. Egal ob T-Shirts, Polo-Shirts, Hoodies, Caps oder Stofftaschen \u2013 wir verwandeln Ihre Textilprodukte in individuelle Unikate.Und das Beste: Nahezu alle Drucke produzieren wir direkt Inhouse bei uns in Pf\u00e4fers \u2013 schnell, flexibel und mit h\u00f6chster Sorgfalt<\/span><\/em>\u00a0<em>im besten Fall in biologisch und fair produzierten sowie langlebigen Textilien.<\/em> <em>We hate &#8220;FAST FASHION&#8221;<\/em><\/span><\/p>\r\n<p><!-- \/wp:paragraph -->\u00a0<\/p>\r\n<p>[\/vc_column_text][\/vc_column][\/vc_row][vc_row][vc_column][vc_empty_space][\/vc_column][\/vc_row]<\/p><\/div>","protected":false},"excerpt":{"rendered":"<p>[vc_row][vc_column][vc_empty_space height=&#8221;65px&#8221;][\/vc_column][\/vc_row][vc_row][vc_column][vc_column_text css=&#8221;&#8221;] IHR PARTNER F\u00dcR OFFSETDRUCK Wir bieten Ihnen professionelle L\u00f6sungen&#8230;<\/p>\n","protected":false},"author":1,"featured_media":0,"parent":0,"menu_order":0,"comment_status":"closed","ping_status":"closed","template":"","meta":{"footnotes":""},"class_list":["post-9955","page","type-page","status-publish","hentry"],"_links":{"self":[{"href":"https:\/\/mosillus.com\/go\/wp-json\/wp\/v2\/pages\/9955","targetHints":{"allow":["GET"]}}],"collection":[{"href":"https:\/\/mosillus.com\/go\/wp-json\/wp\/v2\/pages"}],"about":[{"href":"https:\/\/mosillus.com\/go\/wp-json\/wp\/v2\/types\/page"}],"author":[{"embeddable":true,"href":"https:\/\/mosillus.com\/go\/wp-json\/wp\/v2\/users\/1"}],"replies":[{"embeddable":true,"href":"https:\/\/mosillus.com\/go\/wp-json\/wp\/v2\/comments?post=9955"}],"version-history":[{"count":51,"href":"https:\/\/mosillus.com\/go\/wp-json\/wp\/v2\/pages\/9955\/revisions"}],"predecessor-version":[{"id":11088,"href":"https:\/\/mosillus.com\/go\/wp-json\/wp\/v2\/pages\/9955\/revisions\/11088"}],"wp:attachment":[{"href":"https:\/\/mosillus.com\/go\/wp-json\/wp\/v2\/media?parent=9955"}],"curies":[{"name":"wp","href":"https:\/\/api.w.org\/{rel}","templated":true}]}}