{"id":9778,"date":"2024-02-22T15:20:50","date_gmt":"2024-02-22T15:20:50","guid":{"rendered":"https:\/\/mosillus.com\/go\/?page_id=9778"},"modified":"2026-03-11T11:53:55","modified_gmt":"2026-03-11T11:53:55","slug":"kontakt","status":"publish","type":"page","link":"https:\/\/mosillus.com\/go\/kontakt\/","title":{"rendered":"KONTAKT"},"content":{"rendered":"<div class=\"wpb-content-wrapper\"><p>[vc_row][vc_column][vc_empty_space height=&#8221;52px&#8221;][\/vc_column][\/vc_row][vc_row][vc_column width=&#8221;3\/4&#8243;][vc_column_text css=&#8221;&#8221;]<\/p>\n<p style=\"text-align: right;\"><strong><span style=\"font-size: 16px;\">Anschrift:<\/span><\/strong><\/p>\n<p style=\"text-align: right;\"><span style=\"font-size: 16px;\">Mosillus Media &amp; Publishing<\/span><br \/>\n<span style=\"font-size: 16px;\">Jos\u00e9 Carlos Federspiel (Inhaber)<\/span><br \/>\n<span style=\"font-size: 16px;\">Buchwaldstrasse 11<\/span><br \/>\n<span style=\"font-size: 16px;\">CH 7312 Pf\u00e4fers<\/span><br \/>\n<span style=\"font-size: 16px;\">Switzerland<\/span><\/p>\n<p style=\"text-align: right;\"><span style=\"font-size: 16px;\">M: +41 (0) 77 226 00 66<\/span><\/p>\n<p style=\"text-align: right;\"><strong><span style=\"color: #ff9900;\"><a style=\"color: #ff9900;\" href=\"mailto:info@mosillus.com\">Mail uns<\/a><\/span><\/strong><\/p>\n<p>[\/vc_column_text][\/vc_column][vc_column width=&#8221;1\/4&#8243;][vc_single_image image=&#8221;7322&#8243; img_size=&#8221;300&#215;300&#8243; alignment=&#8221;right&#8221; css_animation=&#8221;bounceInRight&#8221;][\/vc_column][\/vc_row][vc_row][vc_column][vc_separator][vc_column_text]<\/p>\n<h2><strong>Anfahrt<\/strong><\/h2>\n<p>Unser Atelier befindet sich zwischen Chur und Sargans rund 3 Kilometer von der Autobahnausfahrt Bad Ragaz entfernt, an einem wundersch\u00f6nen Ort wo sich Fuchs und Hase noch \u201cGute Nacht!\u201d sagen. Kommen Sie auf einen Caf\u00e9 vorbei, wir freuen uns, Sie inmitten dieser traumhaften Bergkulisse beraten zu d\u00fcrfen. Parkieren k\u00f6nnen Sie gleich vor dem Haus auf unserem G\u00e4steparkplatz.[\/vc_column_text][\/vc_column][\/vc_row][vc_row][vc_column][vc_gmaps link=&#8221;#E-8_JTNDaWZyYW1lJTIwc3JjJTNEJTIyaHR0cHMlM0ElMkYlMkZ3d3cuZ29vZ2xlLmNvbSUyRm1hcHMlMkZlbWJlZCUzRnBiJTNEJTIxMW0xOCUyMTFtMTIlMjExbTMlMjExZDI3MjEuNjg2NTc4ODkwNDMwNiUyMTJkOS40OTUxMTg4Nzc0OTMzNjElMjEzZDQ2Ljk4NzQ5MDM3MTEzOTgyJTIxMm0zJTIxMWYwJTIxMmYwJTIxM2YwJTIxM20yJTIxMWkxMDI0JTIxMmk3NjglMjE0ZjEzLjElMjEzbTMlMjExbTIlMjExczB4NDc4NGNiZjcwZDEwYTMwOSUyNTNBMHgxNjQ0YzVjYjY5MDA1ZWU4JTIxMnNNb3NpbGx1cyUyNTIwTXVsdGltZWRpYSUyNTJDJTI1MjBHcmFmaWslMjUyMCUyNTI2JTI1MjBXZWJkZXNpZ24lMjE1ZTAlMjEzbTIlMjExc2RlJTIxMnNjaCUyMTR2MTcwODYxNTgzMDU4MSUyMTVtMiUyMTFzZGUlMjEyc2NoJTIyJTIwd2lkdGglM0QlMjI5MDAlMjIlMjBoZWlnaHQlM0QlMjI0NTAlMjIlMjBzdHlsZSUzRCUyMmJvcmRlciUzQTAlM0IlMjIlMjBhbGxvd2Z1bGxzY3JlZW4lM0QlMjIlMjIlMjBsb2FkaW5nJTNEJTIybGF6eSUyMiUyMHJlZmVycmVycG9saWN5JTNEJTIybm8tcmVmZXJyZXItd2hlbi1kb3duZ3JhZGUlMjIlM0UlM0MlMkZpZnJhbWUlM0U=&#8221;][vc_column_text css=&#8221;&#8221;]<\/p>\n<h2 style=\"text-align: center;\"><strong>\u00d6ffnungszeiten<\/strong><\/h2>\n<p style=\"text-align: center;\">Montag bis Freitag: 08:00 bis 12:00 sowie 13:00 bis 19:00 Uhr.<\/p>\n<hr \/>\n<h2 style=\"text-align: center;\"><strong>Atelierbesuche<\/strong><\/h2>\n<p style=\"text-align: center;\">Montag bis Freitag: Ab 17 Uhr oder nach Vereinbarung. (Nur mit Voranmeldung)<\/p>\n<hr \/>\n<h2 style=\"text-align: center;\"><strong>Support Notfall<\/strong><\/h2>\n<p style=\"text-align: center;\">WEB WP Notfallsupport von 08 bis 24 Uhr<span style=\"color: #808080;\"><strong>\u00a0<em><a style=\"color: #808080;\" href=\"https:\/\/mosillus.com\/go\/index.php\/notfall\/\">(mehr)<\/a><\/em><\/strong><\/span><\/p>\n<hr \/>\n<h2 style=\"text-align: center;\"><strong>Bankverbindung Postfinance<\/strong><\/h2>\n<p style=\"text-align: center;\">Name: Mosillus.com, \u00a0IBAN: CH48 0900 0000 6020 086 **<\/p>\n<hr \/>\n<h2 style=\"text-align: center;\"><strong>Unternehmer UID<\/strong><\/h2>\n<p style=\"text-align: center;\">CHE-232.735.466<\/p>\n<hr \/>\n<h2 style=\"text-align: center;\"><strong>Wir sind Partner von Metanet f\u00fcr Webprodukte<\/strong><\/h2>\n<p style=\"text-align: center;\">Unsere Mediator Nummer: 711191<\/p>\n<p>&nbsp;<\/p>\n<p><!-- BEGIN --><br \/>\n<!-- END --><\/p>\n<p>&nbsp;<\/p>\n<hr \/>\n<h2 style=\"text-align: center;\">Download\u00a0<strong>vCard\u00a0<\/strong><\/h2>\n<p><a href=\"https:\/\/mosillus.com\/go\/wp-content\/uploads\/2019\/09\/mosillus_vcf.zip\"><img loading=\"lazy\" decoding=\"async\" class=\"wp-image-6463 aligncenter\" src=\"http:\/\/mosillus.com\/go\/wp-content\/uploads\/2019\/09\/vCard_Mosillus.png\" alt=\"\" width=\"35\" height=\"30\" \/><\/a>[\/vc_column_text][vc_empty_space height=&#8221;52px&#8221;][\/vc_column][\/vc_row]<\/p>\n<\/div>","protected":false},"excerpt":{"rendered":"<p>[vc_row][vc_column][vc_empty_space height=&#8221;52px&#8221;][\/vc_column][\/vc_row][vc_row][vc_column width=&#8221;3\/4&#8243;][vc_column_text css=&#8221;&#8221;] Anschrift: Mosillus Media &amp; Publishing Jos\u00e9 Carlos Federspiel&#8230;<\/p>\n","protected":false},"author":1,"featured_media":0,"parent":0,"menu_order":0,"comment_status":"closed","ping_status":"closed","template":"","meta":{"footnotes":""},"class_list":["post-9778","page","type-page","status-publish","hentry"],"_links":{"self":[{"href":"https:\/\/mosillus.com\/go\/wp-json\/wp\/v2\/pages\/9778","targetHints":{"allow":["GET"]}}],"collection":[{"href":"https:\/\/mosillus.com\/go\/wp-json\/wp\/v2\/pages"}],"about":[{"href":"https:\/\/mosillus.com\/go\/wp-json\/wp\/v2\/types\/page"}],"author":[{"embeddable":true,"href":"https:\/\/mosillus.com\/go\/wp-json\/wp\/v2\/users\/1"}],"replies":[{"embeddable":true,"href":"https:\/\/mosillus.com\/go\/wp-json\/wp\/v2\/comments?post=9778"}],"version-history":[{"count":33,"href":"https:\/\/mosillus.com\/go\/wp-json\/wp\/v2\/pages\/9778\/revisions"}],"predecessor-version":[{"id":11256,"href":"https:\/\/mosillus.com\/go\/wp-json\/wp\/v2\/pages\/9778\/revisions\/11256"}],"wp:attachment":[{"href":"https:\/\/mosillus.com\/go\/wp-json\/wp\/v2\/media?parent=9778"}],"curies":[{"name":"wp","href":"https:\/\/api.w.org\/{rel}","templated":true}]}}