{"id":9705,"date":"2024-02-21T16:09:51","date_gmt":"2024-02-21T16:09:51","guid":{"rendered":"https:\/\/mosillus.com\/go\/?page_id=9705"},"modified":"2025-06-26T08:38:52","modified_gmt":"2025-06-26T08:38:52","slug":"geschichte-2","status":"publish","type":"page","link":"https:\/\/mosillus.com\/go\/geschichte-2\/","title":{"rendered":"GESCHICHTE"},"content":{"rendered":"<div class=\"wpb-content-wrapper\"><p>[vc_row][vc_column][vc_empty_space height=&#8221;52px&#8221;][vc_column_text]<\/p>\n<h2><strong>Unsere Geschichte<\/strong><\/h2>\n<p>[\/vc_column_text][vc_separator][\/vc_column][\/vc_row][vc_row][vc_column width=&#8221;1\/2&#8243;][vc_single_image image=&#8221;7160&#8243; img_size=&#8221;full&#8221; css_animation=&#8221;bounceInDown&#8221;][\/vc_column][vc_column width=&#8221;1\/2&#8243;][vc_column_text]<\/p>\n<h2>Der Anfang&#8230;<\/h2>\n<p>Die Geschichte von Mosillus begann im Jahr 2000 in an der Hochschule f\u00fcr Gestaltung und Kunst Luzern.<\/p>\n<p>Um einen Teil meines Studiums finanzieren zu k\u00f6nnen, habe ich unter dem Namen MOSILLUS grafische und zeichnerische Dienstleistungen angeboten.<\/p>\n<p>Der Firmenname formte sich aus meinem K\u00fcnstlernamen DaMos.\u00a0Seit meiner Jugendzeit bin ich in der Graffiti- Kunst- und Musikszene unter dem Namen \u201cDa Mos\u201d bekannt. Das Wort Mos ist eine Anlehnung an die Geschichte des Moses, mit der ich mich aufgrund meiner famili\u00e4ren Historie sehr verbunden f\u00fchle. Es ist ein St\u00fcck meiner pers\u00f6nlichen Lebensgeschichte und sollte unbedingt in den Firmennamen mit einfliessen. Daher setzt sich &#8220;Mosillus&#8221; aus &#8220;Mos&#8221; (Moses) und &#8220;Illus&#8221; (Illustration\/Illusion) zusammen.[\/vc_column_text][\/vc_column][\/vc_row][vc_row][vc_column][vc_column_text css=&#8221;&#8221;]Aus der Vision wurde nach dem Studium dann Realit\u00e4t. Ich gr\u00fcndete meine \u00a0Grafikagentur und ging mit Mosillus.com ab 2002 online. Dank einigen Stammkunden konnte ich meinen Unterhalt finanzieren und sogar ab und zu f\u00fcr &#8220;h\u00e4rtere&#8221; Zeiten etwas von den Einnahmen auf die Seite legen. Nun sind mehr als 20 Jahre vergangen. Ich habe meine Passion gefunden und noch heute begeistert mich diese Aufgabe![\/vc_column_text][\/vc_column][\/vc_row][vc_row][vc_column][vc_single_image image=&#8221;8485&#8243; img_size=&#8221;full&#8221; alignment=&#8221;center&#8221; onclick=&#8221;link_image&#8221; css_animation=&#8221;bounceInUp&#8221;][vc_column_text]<\/p>\n<p style=\"text-align: center;\">Links: W\u00e4hrend dem Churer Fest im Stadtpark (ca 2002). Rechts: An meinem Studienplatz FH Luzern (ca 2000)<\/p>\n<p>[\/vc_column_text][vc_separator][vc_column_text]<\/p>\n<h2><strong>Die Covers<\/strong><\/h2>\n<p>Im 2003 zog ich mit meiner langj\u00e4hrigen Lebensgef\u00e4hrtin Leanna, von der R\u00f6telstrasse in der Stadt Z\u00fcrich an die Stadtgrenze nach Oberengstringen in eine sch\u00f6ne praktische WG Wohnung mit separatem Ateliereingang an der Limmat. Zu dieser Zeit gestaltete ich extrem viele CD Covers (u.A. weil ich selbst Musiker war\/bin). Eines Tages war ich dann pl\u00f6tzlich auf der ersten Position in den Suchergebnissen bei Google, wenn man die Begriffe &#8220;CD Cover&#8221; und &#8220;Grafiker&#8221; eingab. Das war nat\u00fcrlich werbetechnisch \u00e4usserst praktisch f\u00fcr mich und ich konnte sicherlich auch deshalb weitere Covers gestalten.<\/p>\n<p>Zu dieser Zeit lernte ich via Webkurse und von einem meiner WG Bewohner (der Physik und Informatik im Nebenfach an der ETH studierte) HTML und Javascript von Hand zu programmieren.[\/vc_column_text][vc_single_image image=&#8221;8490&#8243; img_size=&#8221;full&#8221; alignment=&#8221;center&#8221; onclick=&#8221;link_image&#8221; css_animation=&#8221;bounceInUp&#8221;][vc_column_text]<\/p>\n<p style=\"text-align: center;\">Von 2002 bis 2008 arbeitete ich f\u00fcr Mosillus.com von Z\u00fcrich aus ( Bild: Atelier Mosillus im Jahr 2004 in Z\u00fcrich Oberengstringen).<\/p>\n<p>[\/vc_column_text][vc_separator][vc_column_text]<\/p>\n<div id=\"text-block-f0a57726157c5ba153b972058b7e99b9\" class=\"sh-text-block\">\n<h2><strong>Zur\u00fcck ins B\u00fcndnerland<\/strong><\/h2>\n<p>Im 2008 folgte dann ein kleiner Bruch und ich bin mit meiner kleinen Firma von Z\u00fcrich nach Domat\/Ems (Heimat &amp; B\u00fcrgerort) gezogen. Auch im Logo gab es kleine Ver\u00e4nderungen. Der Stern im Logo wurde aufgrund einer Anmerkung eines Freundes (Hallo Lugi) in die Horizontale gedreht. Denn &#8211; auf den zweiten Blick h\u00e4tte man denken k\u00f6nnen, es g\u00e4be meinerseits einen Bezug zu okkulten Satanisten. Was nat\u00fcrlich nicht der Fall war\/ist. Dazu kam noch, dass mir das Grau\/Gelb verleidet war. Es musste etwas neues her und Orange wurde mein neues Gelb.<\/p>\n<p>Zwischendurch lernte ich dank eines anderen Freundes (Hallo Manu) CMS Websysteme wie: Joomla, Typo 3 und WordPress. Ich wollte meine HTML\/Javascript Webseiten (Mosillus.com, DaMos.ch, Jos\u00e9 Federspiel.net) mit einem CMS umbauen und konnte es so auch meinen Kunden anbieten. Mit der Zeit habe ich mich auf WordPress spezialisiert, da dieses System den Grafikdesignern einen sehr grossen Gestaltungsspielraum bietet und mit der enormen Menge an Plugin`s sehr viele Benutzerbed\u00fcrfnisse erf\u00fcllen kann.<\/p>\n<\/div>\n<p>[\/vc_column_text][vc_separator][vc_column_text css=&#8221;&#8221;]<\/p>\n<h2><span style=\"font-size: 24px;\"><strong>Hauskauf in Pf\u00e4fers<\/strong><\/span><\/h2>\n<p class=\"\" data-start=\"171\" data-end=\"443\">Im November 2011 kauften meine Frau und ich in Pf\u00e4fers ein altes, charmantes Haus an der Buchwaldstrasse. Es war Liebe auf den ersten Blick \u2013 ein Ort mit Geschichte, Charakter und viel Potenzial. Die ruhige Lage am Waldrand, fernab vom Trubel, hatte es uns sofort angetan.<\/p>\n<p class=\"\" data-start=\"445\" data-end=\"767\">Zwischen 2012 und 2015 widmeten wir uns mit viel Herzblut der Planung und Umsetzung eines umfangreichen An- und Umbaus. Wir wollten dem Geb\u00e4ude neues Leben einhauchen, ohne seinen urspr\u00fcnglichen Charme zu verlieren. So wurde aus dem alten Haus ein behagliches Zuhause, das unseren Bed\u00fcrfnissen und unserem Stil entspricht.<\/p>\n<p class=\"\" data-start=\"769\" data-end=\"1077\">Seitdem leben wir hier mit grosser Dankbarkeit und Freude. Inmitten der Natur, wo sich Fuchs und Hase noch gute Nacht sagen, haben wir unseren R\u00fcckzugsort gefunden \u2013 einen Ort, an dem wir zur Ruhe kommen, kreativ sein und das einfache Leben sch\u00e4tzen k\u00f6nnen. Es ist unser kleines Paradies am Rande des Waldes.<\/p>\n<p>[\/vc_column_text][vc_single_image image=&#8221;8059&#8243; img_size=&#8221;full&#8221; onclick=&#8221;link_image&#8221; css_animation=&#8221;bounceInUp&#8221;][vc_single_image image=&#8221;7635&#8243; img_size=&#8221;full&#8221; onclick=&#8221;link_image&#8221; css_animation=&#8221;bounceInUp&#8221;][vc_single_image image=&#8221;10655&#8243; img_size=&#8221;full&#8221; onclick=&#8221;link_image&#8221; css_animation=&#8221;bounceInUp&#8221; css=&#8221;&#8221;][vc_single_image image=&#8221;8440&#8243; img_size=&#8221;full&#8221; onclick=&#8221;link_image&#8221; css_animation=&#8221;bounceInUp&#8221;][vc_column_text]<\/p>\n<p style=\"text-align: center;\">Ich freue mich, Sie hier oder nat\u00fcrlich auch telefonisch begr\u00fcssen zu d\u00fcrfen.<\/p>\n<p>[\/vc_column_text][\/vc_column][\/vc_row]<\/p>\n<\/div>","protected":false},"excerpt":{"rendered":"<p>[vc_row][vc_column][vc_empty_space height=&#8221;52px&#8221;][vc_column_text] Unsere Geschichte [\/vc_column_text][vc_separator][\/vc_column][\/vc_row][vc_row][vc_column width=&#8221;1\/2&#8243;][vc_single_image image=&#8221;7160&#8243; img_size=&#8221;full&#8221; css_animation=&#8221;bounceInDown&#8221;][\/vc_column][vc_column width=&#8221;1\/2&#8243;][vc_column_text] Der Anfang&#8230;&#8230;<\/p>\n","protected":false},"author":1,"featured_media":0,"parent":0,"menu_order":0,"comment_status":"closed","ping_status":"closed","template":"","meta":{"footnotes":""},"class_list":["post-9705","page","type-page","status-publish","hentry"],"_links":{"self":[{"href":"https:\/\/mosillus.com\/go\/wp-json\/wp\/v2\/pages\/9705","targetHints":{"allow":["GET"]}}],"collection":[{"href":"https:\/\/mosillus.com\/go\/wp-json\/wp\/v2\/pages"}],"about":[{"href":"https:\/\/mosillus.com\/go\/wp-json\/wp\/v2\/types\/page"}],"author":[{"embeddable":true,"href":"https:\/\/mosillus.com\/go\/wp-json\/wp\/v2\/users\/1"}],"replies":[{"embeddable":true,"href":"https:\/\/mosillus.com\/go\/wp-json\/wp\/v2\/comments?post=9705"}],"version-history":[{"count":25,"href":"https:\/\/mosillus.com\/go\/wp-json\/wp\/v2\/pages\/9705\/revisions"}],"predecessor-version":[{"id":10656,"href":"https:\/\/mosillus.com\/go\/wp-json\/wp\/v2\/pages\/9705\/revisions\/10656"}],"wp:attachment":[{"href":"https:\/\/mosillus.com\/go\/wp-json\/wp\/v2\/media?parent=9705"}],"curies":[{"name":"wp","href":"https:\/\/api.w.org\/{rel}","templated":true}]}}