{"id":9663,"date":"2024-02-21T14:39:57","date_gmt":"2024-02-21T14:39:57","guid":{"rendered":"https:\/\/mosillus.com\/go\/?page_id=9663"},"modified":"2025-08-26T12:25:57","modified_gmt":"2025-08-26T12:25:57","slug":"download","status":"publish","type":"page","link":"https:\/\/mosillus.com\/go\/download\/","title":{"rendered":"DOWNLOAD"},"content":{"rendered":"<div class=\"wpb-content-wrapper\"><p>[vc_row][vc_column][vc_empty_space height=&#8221;52px&#8221;][vc_column_text]<\/p>\n<h2><strong>Hier finden Sie unsere Downloads<\/strong><\/h2>\n<p>[\/vc_column_text][vc_separator][\/vc_column][\/vc_row][vc_row][vc_column width=&#8221;1\/2&#8243;][vc_column_text]<\/p>\n<div class=\"sh-column sh-column-0237bd4e4faa85de53f1804b1e63cb90 fw-col-xs-12 fw-col-sm-9\">\n<div class=\"sh-column-wrapper\">\n<div id=\"text-block-528f5c743c03e54950ec7f1b8352decb\" class=\"sh-text-block\">\n<h2><strong>Auftragsbest\u00e4tigung<\/strong><\/h2>\n<p>Im Normalfall wird vom Kunden eine Auftragsbest\u00e4tigung verlangt. Bitte senden Sie das ausgef\u00fcllte Formular an unsere Postadresse oder via E-Mail zu.<\/p>\n<\/div>\n<\/div>\n<\/div>\n<p>[\/vc_column_text][\/vc_column][vc_column width=&#8221;1\/2&#8243;][vc_column_text]<\/p>\n<div class=\"sh-column sh-column-0237bd4e4faa85de53f1804b1e63cb90 fw-col-xs-12 fw-col-sm-9\">\n<div class=\"sh-column-wrapper\">\n<div id=\"text-block-528f5c743c03e54950ec7f1b8352decb\" class=\"sh-text-block\">\n<p style=\"text-align: right;\">Download:<\/p>\n<\/div>\n<\/div>\n<\/div>\n<div class=\"sh-column sh-column-b4da619850565cdbeed8f1f755f1016c fw-col-xs-12 fw-col-sm-3\">\n<div class=\"sh-column-wrapper\">\n<div id=\"text-block-00c32eaa6adad4b525e2203d45a97cde\" class=\"sh-text-block\">\n<p style=\"text-align: right;\"><a href=\"https:\/\/mosillus.com\/daten\/mosillus_auftragsbestaetigung.pdf\"><img loading=\"lazy\" decoding=\"async\" class=\"alignnone wp-image-5767\" src=\"https:\/\/mosillus.com\/go\/wp-content\/uploads\/2019\/09\/PDF-Icon.png\" alt=\"\" width=\"57\" height=\"57\" srcset=\"https:\/\/mosillus.com\/go\/wp-content\/uploads\/2019\/09\/PDF-Icon.png 256w, https:\/\/mosillus.com\/go\/wp-content\/uploads\/2019\/09\/PDF-Icon-150x150.png 150w\" sizes=\"auto, (max-width: 57px) 100vw, 57px\" \/><\/a><\/p>\n<\/div>\n<\/div>\n<\/div>\n<p>[\/vc_column_text][\/vc_column][\/vc_row][vc_row][vc_column][vc_separator][\/vc_column][\/vc_row][vc_row][vc_column width=&#8221;2\/3&#8243;][vc_column_text]<\/p>\n<div class=\"sh-column sh-column-0237bd4e4faa85de53f1804b1e63cb90 fw-col-xs-12 fw-col-sm-9\">\n<div class=\"sh-column-wrapper\">\n<div id=\"text-block-528f5c743c03e54950ec7f1b8352decb\" class=\"sh-text-block\">\n<h2><strong>Drohnen F\u00fchrerschein<\/strong><\/h2>\n<p>F\u00fcr Filmaufnahmen besitze ich einen \u00a0Drohnen Kompetenznachweis der offenen Kategorie A1\/A3 bis 25 KG (EASA\/BAZL)<\/p>\n<\/div>\n<\/div>\n<\/div>\n<p>[\/vc_column_text][\/vc_column][vc_column width=&#8221;1\/3&#8243;][vc_column_text]<\/p>\n<div class=\"sh-column sh-column-0237bd4e4faa85de53f1804b1e63cb90 fw-col-xs-12 fw-col-sm-9\">\n<div class=\"sh-column-wrapper\">\n<div id=\"text-block-528f5c743c03e54950ec7f1b8352decb\" class=\"sh-text-block\">\n<p style=\"text-align: right;\">Download:<\/p>\n<\/div>\n<\/div>\n<\/div>\n<div class=\"sh-column sh-column-b4da619850565cdbeed8f1f755f1016c fw-col-xs-12 fw-col-sm-3\">\n<div class=\"sh-column-wrapper\">\n<div id=\"text-block-00c32eaa6adad4b525e2203d45a97cde\" class=\"sh-text-block\">\n<p><a href=\"https:\/\/mosillus.com\/go\/wp-content\/uploads\/2019\/09\/Remote_Pilot_Licence_ESA-1.pdf\"><img loading=\"lazy\" decoding=\"async\" class=\"alignnone wp-image-5767 alignright\" src=\"https:\/\/mosillus.com\/go\/wp-content\/uploads\/2019\/09\/PDF-Icon.png\" alt=\"\" width=\"57\" height=\"57\" srcset=\"https:\/\/mosillus.com\/go\/wp-content\/uploads\/2019\/09\/PDF-Icon.png 256w, https:\/\/mosillus.com\/go\/wp-content\/uploads\/2019\/09\/PDF-Icon-150x150.png 150w\" sizes=\"auto, (max-width: 57px) 100vw, 57px\" \/><\/a><\/p>\n<\/div>\n<\/div>\n<\/div>\n<p>[\/vc_column_text][\/vc_column][\/vc_row][vc_row][vc_column][vc_separator][\/vc_column][\/vc_row][vc_row][vc_column width=&#8221;2\/3&#8243;][vc_column_text]<\/p>\n<div class=\"sh-column sh-column-0237bd4e4faa85de53f1804b1e63cb90 fw-col-xs-12 fw-col-sm-9\">\n<div class=\"sh-column-wrapper\">\n<div id=\"text-block-528f5c743c03e54950ec7f1b8352decb\" class=\"sh-text-block\">\n<h2><strong>AGB Mosillus Media<\/strong><\/h2>\n<p>Hier finden Sie unsere AGB. Bei Fragen diesbez\u00fcglich, schreiben Sie uns am besten direkt ein Mail oder rufen uns an. Mit Ihrer Unterschrift auf der Auftragsbest\u00e4tigung oder Ihrer Zahlung auf unser Firmenkonto sowie \u00a0einer Auftragserteilung, werden die AGB von Mosillus.com (Inh. Jos\u00e9 Federspiel) automatisch akzeptiert.<\/p>\n<\/div>\n<\/div>\n<\/div>\n<p>[\/vc_column_text][\/vc_column][vc_column width=&#8221;1\/3&#8243;][vc_column_text]<\/p>\n<div class=\"sh-column sh-column-0237bd4e4faa85de53f1804b1e63cb90 fw-col-xs-12 fw-col-sm-9\">\n<div class=\"sh-column-wrapper\">\n<div id=\"text-block-528f5c743c03e54950ec7f1b8352decb\" class=\"sh-text-block\">\n<p style=\"text-align: right;\">Download:<\/p>\n<\/div>\n<\/div>\n<\/div>\n<div class=\"sh-column sh-column-b4da619850565cdbeed8f1f755f1016c fw-col-xs-12 fw-col-sm-3\">\n<div class=\"sh-column-wrapper\">\n<div id=\"text-block-00c32eaa6adad4b525e2203d45a97cde\" class=\"sh-text-block\">\n<p style=\"text-align: right;\"><a href=\"https:\/\/mosillus.com\/daten\/mosillus_agb_v4.pdf\"><img loading=\"lazy\" decoding=\"async\" class=\"alignnone wp-image-5767\" src=\"https:\/\/mosillus.com\/go\/wp-content\/uploads\/2019\/09\/PDF-Icon.png\" alt=\"\" width=\"57\" height=\"57\" srcset=\"https:\/\/mosillus.com\/go\/wp-content\/uploads\/2019\/09\/PDF-Icon.png 256w, https:\/\/mosillus.com\/go\/wp-content\/uploads\/2019\/09\/PDF-Icon-150x150.png 150w\" sizes=\"auto, (max-width: 57px) 100vw, 57px\" \/><\/a><\/p>\n<\/div>\n<\/div>\n<\/div>\n<p>[\/vc_column_text][\/vc_column][\/vc_row][vc_row][vc_column][vc_separator][\/vc_column][\/vc_row][vc_row][vc_column width=&#8221;2\/3&#8243;][vc_column_text]<\/p>\n<div class=\"sh-column sh-column-0237bd4e4faa85de53f1804b1e63cb90 fw-col-xs-12 fw-col-sm-9\">\n<div class=\"sh-column-wrapper\">\n<div id=\"text-block-528f5c743c03e54950ec7f1b8352decb\" class=\"sh-text-block\">\n<h2><strong>Sicherheitshinweise Webseiten<\/strong><\/h2>\n<p>Hier einige Sicherheitshinweise im Umgang mit CMS Webseiten wie Joomla, Typo 3 oder WordPress. F\u00fcr die Sicherheit der Webseite, ist nach Auftragsende der Kunde selbst verantwortlich. Bei einem Schadenfall durch z.B. Malware k\u00f6nnen wir bei Webseitenverlust nicht verantwortlich gemacht werden.<\/p>\n<\/div>\n<\/div>\n<\/div>\n<p>[\/vc_column_text][\/vc_column][vc_column width=&#8221;1\/3&#8243;][vc_column_text]<\/p>\n<div class=\"sh-column sh-column-0237bd4e4faa85de53f1804b1e63cb90 fw-col-xs-12 fw-col-sm-9\">\n<div class=\"sh-column-wrapper\">\n<div id=\"text-block-528f5c743c03e54950ec7f1b8352decb\" class=\"sh-text-block\"><\/div>\n<\/div>\n<\/div>\n<div class=\"sh-column sh-column-b4da619850565cdbeed8f1f755f1016c fw-col-xs-12 fw-col-sm-3\">\n<div class=\"sh-column-wrapper\">\n<div id=\"text-block-00c32eaa6adad4b525e2203d45a97cde\" class=\"sh-text-block\">\n<p style=\"text-align: right;\">Download:<\/p>\n<p><a href=\"https:\/\/mosillus.com\/daten\/mosillus_agb_v4.pdf\"><img loading=\"lazy\" decoding=\"async\" class=\"alignnone wp-image-5767 alignright\" src=\"https:\/\/mosillus.com\/go\/wp-content\/uploads\/2019\/09\/PDF-Icon.png\" alt=\"\" width=\"57\" height=\"57\" srcset=\"https:\/\/mosillus.com\/go\/wp-content\/uploads\/2019\/09\/PDF-Icon.png 256w, https:\/\/mosillus.com\/go\/wp-content\/uploads\/2019\/09\/PDF-Icon-150x150.png 150w\" sizes=\"auto, (max-width: 57px) 100vw, 57px\" \/><\/a><\/p>\n<\/div>\n<\/div>\n<\/div>\n<p>[\/vc_column_text][\/vc_column][\/vc_row][vc_row][vc_column][vc_separator][\/vc_column][\/vc_row][vc_row][vc_column width=&#8221;2\/3&#8243;][vc_column_text]<\/p>\n<div class=\"sh-column sh-column-0237bd4e4faa85de53f1804b1e63cb90 fw-col-xs-12 fw-col-sm-9\">\n<div class=\"sh-column-wrapper\">\n<div id=\"text-block-528f5c743c03e54950ec7f1b8352decb\" class=\"sh-text-block\">\n<h2><strong>Datenanlieferung<\/strong><\/h2>\n<p>Hier einige wichtige Hinweise zur Datenanlieferung wie Texte, Fotos, Grafiken etc. Bitte beachten Sie diesen Leitfaden um Mehrkosten zu vermeiden.<\/p>\n<\/div>\n<\/div>\n<\/div>\n<p>[\/vc_column_text][\/vc_column][vc_column width=&#8221;1\/3&#8243;][vc_column_text]<\/p>\n<div class=\"sh-column sh-column-0237bd4e4faa85de53f1804b1e63cb90 fw-col-xs-12 fw-col-sm-9\">\n<div class=\"sh-column-wrapper\">\n<div id=\"text-block-528f5c743c03e54950ec7f1b8352decb\" class=\"sh-text-block\">\n<p style=\"text-align: right;\">Download:<\/p>\n<\/div>\n<\/div>\n<\/div>\n<div class=\"sh-column sh-column-b4da619850565cdbeed8f1f755f1016c fw-col-xs-12 fw-col-sm-3\" style=\"text-align: right;\">\n<div class=\"sh-column-wrapper\">\n<div id=\"text-block-00c32eaa6adad4b525e2203d45a97cde\" class=\"sh-text-block\">\n<p><a href=\"https:\/\/mosillus.com\/daten\/mosillus_daten.pdf\"><img loading=\"lazy\" decoding=\"async\" class=\"alignnone wp-image-5767\" src=\"https:\/\/mosillus.com\/go\/wp-content\/uploads\/2019\/09\/PDF-Icon.png\" alt=\"\" width=\"57\" height=\"57\" srcset=\"https:\/\/mosillus.com\/go\/wp-content\/uploads\/2019\/09\/PDF-Icon.png 256w, https:\/\/mosillus.com\/go\/wp-content\/uploads\/2019\/09\/PDF-Icon-150x150.png 150w\" sizes=\"auto, (max-width: 57px) 100vw, 57px\" \/><\/a><\/p>\n<\/div>\n<\/div>\n<\/div>\n<p>[\/vc_column_text][\/vc_column][\/vc_row][vc_row][vc_column][vc_separator][\/vc_column][\/vc_row][vc_row][vc_column width=&#8221;2\/3&#8243;][vc_column_text css=&#8221;&#8221;]<\/p>\n<div class=\"sh-column sh-column-0237bd4e4faa85de53f1804b1e63cb90 fw-col-xs-12 fw-col-sm-9\">\n<div class=\"sh-column-wrapper\">\n<div id=\"text-block-528f5c743c03e54950ec7f1b8352decb\" class=\"sh-text-block\">\n<h2><strong>Katalog Textilien f\u00fcr Textildruck<\/strong><\/h2>\n<p>M\u00f6chten Sie ein Vereinshirt drucken lassen oder eine Serie Caps f\u00fcr Ihre Firma? Hier finden Sie eine breite Auswahl an Textilien die wir f\u00fcr unsere Inhouse Drucke anbieten k\u00f6nnen. Bei fragen anrufen!<\/p>\n<\/div>\n<\/div>\n<\/div>\n<p>[\/vc_column_text][\/vc_column][vc_column width=&#8221;1\/3&#8243;][vc_column_text css=&#8221;&#8221;]<\/p>\n<div class=\"sh-column sh-column-0237bd4e4faa85de53f1804b1e63cb90 fw-col-xs-12 fw-col-sm-9\">\n<div class=\"sh-column-wrapper\">\n<div id=\"text-block-528f5c743c03e54950ec7f1b8352decb\" class=\"sh-text-block\">\n<p style=\"text-align: right;\">Download:<\/p>\n<\/div>\n<\/div>\n<\/div>\n<div class=\"sh-column sh-column-b4da619850565cdbeed8f1f755f1016c fw-col-xs-12 fw-col-sm-3\">\n<div class=\"sh-column-wrapper\">\n<div id=\"text-block-00c32eaa6adad4b525e2203d45a97cde\" class=\"sh-text-block\">\n<p><a href=\"https:\/\/mosillus.com\/go\/wp-content\/uploads\/2025\/08\/Mosillus_Print_Textilien.pdf\"><img loading=\"lazy\" decoding=\"async\" class=\"alignnone wp-image-5767 alignright\" src=\"https:\/\/mosillus.com\/go\/wp-content\/uploads\/2019\/09\/PDF-Icon.png\" alt=\"\" width=\"57\" height=\"57\" srcset=\"https:\/\/mosillus.com\/go\/wp-content\/uploads\/2019\/09\/PDF-Icon.png 256w, https:\/\/mosillus.com\/go\/wp-content\/uploads\/2019\/09\/PDF-Icon-150x150.png 150w\" sizes=\"auto, (max-width: 57px) 100vw, 57px\" \/><\/a><\/p>\n<\/div>\n<\/div>\n<\/div>\n<p>[\/vc_column_text][\/vc_column][\/vc_row][vc_row][vc_column][vc_separator][\/vc_column][\/vc_row][vc_row][vc_column width=&#8221;2\/3&#8243;][vc_column_text]<\/p>\n<div class=\"sh-column sh-column-0237bd4e4faa85de53f1804b1e63cb90 fw-col-xs-12 fw-col-sm-9\">\n<div class=\"sh-column-wrapper\">\n<div id=\"text-block-528f5c743c03e54950ec7f1b8352decb\" class=\"sh-text-block\">\n<h2><strong>Fragebogen Logodesign<\/strong><\/h2>\n<p>M\u00f6chten Sie ein neues Logo entwickeln lassen? Um besser zu verstehen wohin die Reise gehen soll, ben\u00f6tigen wir einige Angaben bez\u00fcglich ihrer Designw\u00fcnsche. Hier finden Sie daher den LOGO Fragebogen von Mosillus.com Media.<\/p>\n<\/div>\n<\/div>\n<\/div>\n<p>[\/vc_column_text][\/vc_column][vc_column width=&#8221;1\/3&#8243;][vc_column_text]<\/p>\n<div class=\"sh-column sh-column-0237bd4e4faa85de53f1804b1e63cb90 fw-col-xs-12 fw-col-sm-9\">\n<div class=\"sh-column-wrapper\">\n<div id=\"text-block-528f5c743c03e54950ec7f1b8352decb\" class=\"sh-text-block\">\n<p style=\"text-align: right;\">Download:<\/p>\n<\/div>\n<\/div>\n<\/div>\n<div class=\"sh-column sh-column-b4da619850565cdbeed8f1f755f1016c fw-col-xs-12 fw-col-sm-3\">\n<div class=\"sh-column-wrapper\">\n<div id=\"text-block-00c32eaa6adad4b525e2203d45a97cde\" class=\"sh-text-block\">\n<p><a href=\"https:\/\/mosillus.com\/daten\/mosillus_fragebogen.pdf\"><img loading=\"lazy\" decoding=\"async\" class=\"alignnone wp-image-5767 alignright\" src=\"https:\/\/mosillus.com\/go\/wp-content\/uploads\/2019\/09\/PDF-Icon.png\" alt=\"\" width=\"57\" height=\"57\" srcset=\"https:\/\/mosillus.com\/go\/wp-content\/uploads\/2019\/09\/PDF-Icon.png 256w, https:\/\/mosillus.com\/go\/wp-content\/uploads\/2019\/09\/PDF-Icon-150x150.png 150w\" sizes=\"auto, (max-width: 57px) 100vw, 57px\" \/><\/a><\/p>\n<\/div>\n<\/div>\n<\/div>\n<p>[\/vc_column_text][\/vc_column][\/vc_row][vc_row][vc_column][vc_separator][\/vc_column][\/vc_row][vc_row][vc_column width=&#8221;2\/3&#8243;][vc_column_text]<\/p>\n<div class=\"sh-column sh-column-0237bd4e4faa85de53f1804b1e63cb90 fw-col-xs-12 fw-col-sm-9\">\n<div class=\"sh-column-wrapper\">\n<div id=\"text-block-528f5c743c03e54950ec7f1b8352decb\" class=\"sh-text-block\">\n<h2>Nassverklebung Anleitung<\/h2>\n<p>Hier finden Sie eine einfache Anleitung f\u00fcr Nassverklebung von Fahrzeugen.<\/p>\n<\/div>\n<\/div>\n<\/div>\n<p>[\/vc_column_text][\/vc_column][vc_column width=&#8221;1\/3&#8243;][vc_column_text css=&#8221;&#8221;]<\/p>\n<div class=\"sh-column sh-column-0237bd4e4faa85de53f1804b1e63cb90 fw-col-xs-12 fw-col-sm-9\">\n<div class=\"sh-column-wrapper\">\n<div id=\"text-block-528f5c743c03e54950ec7f1b8352decb\" class=\"sh-text-block\">\n<p style=\"text-align: right;\">Download:<\/p>\n<\/div>\n<\/div>\n<\/div>\n<div class=\"sh-column sh-column-b4da619850565cdbeed8f1f755f1016c fw-col-xs-12 fw-col-sm-3\">\n<div class=\"sh-column-wrapper\">\n<div id=\"text-block-00c32eaa6adad4b525e2203d45a97cde\" class=\"sh-text-block\">\n<p><a href=\"https:\/\/mosillus.com\/go\/wp-content\/uploads\/2025\/08\/Mosillus_Print_Textilien.pdf\"><img loading=\"lazy\" decoding=\"async\" class=\"alignnone wp-image-5767 alignright\" src=\"https:\/\/mosillus.com\/go\/wp-content\/uploads\/2019\/09\/PDF-Icon.png\" alt=\"\" width=\"57\" height=\"57\" srcset=\"https:\/\/mosillus.com\/go\/wp-content\/uploads\/2019\/09\/PDF-Icon.png 256w, https:\/\/mosillus.com\/go\/wp-content\/uploads\/2019\/09\/PDF-Icon-150x150.png 150w\" sizes=\"auto, (max-width: 57px) 100vw, 57px\" \/><\/a><\/p>\n<\/div>\n<\/div>\n<\/div>\n<p>[\/vc_column_text][\/vc_column][\/vc_row][vc_row][vc_column][vc_separator][\/vc_column][\/vc_row][vc_row][vc_column width=&#8221;2\/3&#8243;][vc_column_text]<\/p>\n<div class=\"sh-column sh-column-0237bd4e4faa85de53f1804b1e63cb90 fw-col-xs-12 fw-col-sm-9\">\n<div class=\"sh-column-wrapper\">\n<div id=\"text-block-528f5c743c03e54950ec7f1b8352decb\" class=\"sh-text-block\">\n<h2><strong>Bildmarke\u00a0Mosillus\u00a0<\/strong><strong>3D<\/strong><\/h2>\n<p>Hier finden Sie das &#8220;alte&#8221; 3D Logodesign von Mosillus.com Media in RGB. Alle Rechte vorbehalten \u00a9 Version aus dem 2012<\/p>\n<\/div>\n<\/div>\n<\/div>\n<div class=\"sh-column sh-column-b4da619850565cdbeed8f1f755f1016c fw-col-xs-12 fw-col-sm-3\">\n<div class=\"sh-column-wrapper\">\n<div id=\"text-block-00c32eaa6adad4b525e2203d45a97cde\" class=\"sh-text-block\">\n<p>&nbsp;<\/p>\n<\/div>\n<\/div>\n<\/div>\n<p>[\/vc_column_text][\/vc_column][vc_column width=&#8221;1\/3&#8243;][vc_column_text]<\/p>\n<div class=\"sh-column sh-column-0237bd4e4faa85de53f1804b1e63cb90 fw-col-xs-12 fw-col-sm-9\">\n<div class=\"sh-column-wrapper\">\n<div id=\"text-block-528f5c743c03e54950ec7f1b8352decb\" class=\"sh-text-block\">\n<p style=\"text-align: right;\">Download:<\/p>\n<\/div>\n<\/div>\n<\/div>\n<div class=\"sh-column sh-column-b4da619850565cdbeed8f1f755f1016c fw-col-xs-12 fw-col-sm-3\">\n<div class=\"sh-column-wrapper\">\n<div id=\"text-block-00c32eaa6adad4b525e2203d45a97cde\" class=\"sh-text-block\">\n<p style=\"text-align: right;\"><a href=\"https:\/\/mosillus.com\/go\/wp-content\/uploads\/2019\/09\/mosillus_RGB.png\"><img loading=\"lazy\" decoding=\"async\" class=\"alignnone wp-image-5688\" src=\"https:\/\/mosillus.com\/go\/wp-content\/uploads\/2019\/09\/The_M_600-150x150.png\" alt=\"\" width=\"71\" height=\"71\" srcset=\"https:\/\/mosillus.com\/go\/wp-content\/uploads\/2019\/09\/The_M_600-150x150.png 150w, https:\/\/mosillus.com\/go\/wp-content\/uploads\/2019\/09\/The_M_600-300x300.png 300w, https:\/\/mosillus.com\/go\/wp-content\/uploads\/2019\/09\/The_M_600.png 600w\" sizes=\"auto, (max-width: 71px) 100vw, 71px\" \/><\/a><\/p>\n<p>&nbsp;<\/p>\n<\/div>\n<\/div>\n<\/div>\n<p>[\/vc_column_text][\/vc_column][\/vc_row][vc_row][vc_column][vc_separator][\/vc_column][\/vc_row][vc_row][vc_column width=&#8221;2\/3&#8243;][vc_column_text]<\/p>\n<div class=\"sh-column sh-column-0237bd4e4faa85de53f1804b1e63cb90 fw-col-xs-12 fw-col-sm-9\">\n<div class=\"sh-column-wrapper\">\n<div id=\"text-block-528f5c743c03e54950ec7f1b8352decb\" class=\"sh-text-block\">\n<h2><strong>Bildmarke Mosillus ab 2021<\/strong><\/h2>\n<p>Hier finden Sie unser neues Logo CI\/CD von Mosillus.com Media in RGB. Alle Rechte vorbehalten \u00a9 2001-2021<\/p>\n<\/div>\n<\/div>\n<\/div>\n<p>[\/vc_column_text][\/vc_column][vc_column width=&#8221;1\/3&#8243;][vc_column_text]<\/p>\n<div class=\"sh-column sh-column-0237bd4e4faa85de53f1804b1e63cb90 fw-col-xs-12 fw-col-sm-9\">\n<div class=\"sh-column-wrapper\">\n<div id=\"text-block-528f5c743c03e54950ec7f1b8352decb\" class=\"sh-text-block\"><\/div>\n<\/div>\n<\/div>\n<div class=\"sh-column sh-column-b4da619850565cdbeed8f1f755f1016c fw-col-xs-12 fw-col-sm-3\">\n<div class=\"sh-column-wrapper\">\n<div id=\"text-block-00c32eaa6adad4b525e2203d45a97cde\" class=\"sh-text-block\">\n<p style=\"text-align: right;\">Download:<\/p>\n<p style=\"text-align: right;\"><a href=\"https:\/\/mosillus.com\/go\/wp-content\/uploads\/2021\/01\/Mosillus-Logo-2021-Master-Smooth.png\"><img loading=\"lazy\" decoding=\"async\" class=\"alignnone wp-image-8082\" src=\"https:\/\/mosillus.com\/go\/wp-content\/uploads\/2021\/01\/Mosillus-Logo-2021-Master-Smooth-150x150.png\" alt=\"\" width=\"79\" height=\"79\" srcset=\"https:\/\/mosillus.com\/go\/wp-content\/uploads\/2021\/01\/Mosillus-Logo-2021-Master-Smooth-150x150.png 150w, https:\/\/mosillus.com\/go\/wp-content\/uploads\/2021\/01\/Mosillus-Logo-2021-Master-Smooth-1200x1200.png 1200w, https:\/\/mosillus.com\/go\/wp-content\/uploads\/2021\/01\/Mosillus-Logo-2021-Master-Smooth-768x768.png 768w, https:\/\/mosillus.com\/go\/wp-content\/uploads\/2021\/01\/Mosillus-Logo-2021-Master-Smooth-1536x1536.png 1536w, https:\/\/mosillus.com\/go\/wp-content\/uploads\/2021\/01\/Mosillus-Logo-2021-Master-Smooth-2048x2048.png 2048w, https:\/\/mosillus.com\/go\/wp-content\/uploads\/2021\/01\/Mosillus-Logo-2021-Master-Smooth-660x660.png 660w\" sizes=\"auto, (max-width: 79px) 100vw, 79px\" \/><\/a><\/p>\n<\/div>\n<\/div>\n<\/div>\n<p>[\/vc_column_text][\/vc_column][\/vc_row][vc_row][vc_column][vc_empty_space][vc_separator][\/vc_column][\/vc_row]<\/p>\n<\/div>","protected":false},"excerpt":{"rendered":"<p>[vc_row][vc_column][vc_empty_space height=&#8221;52px&#8221;][vc_column_text] Hier finden Sie unsere Downloads [\/vc_column_text][vc_separator][\/vc_column][\/vc_row][vc_row][vc_column width=&#8221;1\/2&#8243;][vc_column_text] Auftragsbest\u00e4tigung Im Normalfall&#8230;<\/p>\n","protected":false},"author":1,"featured_media":0,"parent":0,"menu_order":0,"comment_status":"closed","ping_status":"closed","template":"","meta":{"footnotes":""},"class_list":["post-9663","page","type-page","status-publish","hentry"],"_links":{"self":[{"href":"https:\/\/mosillus.com\/go\/wp-json\/wp\/v2\/pages\/9663","targetHints":{"allow":["GET"]}}],"collection":[{"href":"https:\/\/mosillus.com\/go\/wp-json\/wp\/v2\/pages"}],"about":[{"href":"https:\/\/mosillus.com\/go\/wp-json\/wp\/v2\/types\/page"}],"author":[{"embeddable":true,"href":"https:\/\/mosillus.com\/go\/wp-json\/wp\/v2\/users\/1"}],"replies":[{"embeddable":true,"href":"https:\/\/mosillus.com\/go\/wp-json\/wp\/v2\/comments?post=9663"}],"version-history":[{"count":49,"href":"https:\/\/mosillus.com\/go\/wp-json\/wp\/v2\/pages\/9663\/revisions"}],"predecessor-version":[{"id":10787,"href":"https:\/\/mosillus.com\/go\/wp-json\/wp\/v2\/pages\/9663\/revisions\/10787"}],"wp:attachment":[{"href":"https:\/\/mosillus.com\/go\/wp-json\/wp\/v2\/media?parent=9663"}],"curies":[{"name":"wp","href":"https:\/\/api.w.org\/{rel}","templated":true}]}}