{"id":9638,"date":"2024-02-20T14:16:54","date_gmt":"2024-02-20T14:16:54","guid":{"rendered":"https:\/\/mosillus.com\/go\/?page_id=9638"},"modified":"2026-03-04T11:47:49","modified_gmt":"2026-03-04T11:47:49","slug":"services","status":"publish","type":"page","link":"https:\/\/mosillus.com\/go\/services\/","title":{"rendered":"SERVICES"},"content":{"rendered":"<div class=\"wpb-content-wrapper\"><p>[vc_row][vc_column][vc_empty_space height=&#8221;52px&#8221;][\/vc_column][\/vc_row][vc_row][vc_column width=&#8221;1\/2&#8243;][vc_single_image image=&#8221;10205&#8243; img_size=&#8221;full&#8221; css_animation=&#8221;bounceInDown&#8221;][\/vc_column][vc_column width=&#8221;1\/2&#8243;][vc_column_text]<\/p>\n<h2><strong>Wieso Mosillus.com?<\/strong><\/h2>\n<p>\u00abIch mach &#8211; was ich kann!\u00bb Dieser Slogan ist bei uns Programm. Wir bieten Ihnen ein umfangreiches Angebot an grafischen &amp; multimedialen Produkten. Unsere Kernkompetenzen sind:<\/p>\n<p><img loading=\"lazy\" decoding=\"async\" class=\"alignnone wp-image-6508\" src=\"https:\/\/mosillus.com\/go\/wp-content\/uploads\/2019\/09\/ok_go.png\" alt=\"\" width=\"19\" height=\"12\" \/>Corporate Design<\/p>\n<p><img loading=\"lazy\" decoding=\"async\" class=\"alignnone wp-image-6508\" src=\"https:\/\/mosillus.com\/go\/wp-content\/uploads\/2019\/09\/ok_go.png\" alt=\"\" width=\"19\" height=\"12\" \/>Webdesign,\u00a0UI\/UX-Design<\/p>\n<p><img loading=\"lazy\" decoding=\"async\" class=\"alignnone wp-image-6508\" src=\"https:\/\/mosillus.com\/go\/wp-content\/uploads\/2019\/09\/ok_go.png\" alt=\"\" width=\"19\" height=\"12\" \/>Illustration, Comic, Visualisierung von Anleitungen<\/p>\n<p><img loading=\"lazy\" decoding=\"async\" class=\"alignnone wp-image-6508\" src=\"https:\/\/mosillus.com\/go\/wp-content\/uploads\/2019\/09\/ok_go.png\" alt=\"\" width=\"19\" height=\"12\" \/>Verpackungsdesign, Prospekte, Inserate<\/p>\n<p><img loading=\"lazy\" decoding=\"async\" class=\"alignnone wp-image-6508\" src=\"https:\/\/mosillus.com\/go\/wp-content\/uploads\/2019\/09\/ok_go.png\" alt=\"\" width=\"19\" height=\"12\" \/>Animation, Film, Erkl\u00e4rvideos<\/p>\n<p><img loading=\"lazy\" decoding=\"async\" class=\"alignnone wp-image-6508\" src=\"https:\/\/mosillus.com\/go\/wp-content\/uploads\/2019\/09\/ok_go.png\" alt=\"\" width=\"19\" height=\"12\" \/>Betreuung Social Media Kan\u00e4le<\/p>\n<p><img loading=\"lazy\" decoding=\"async\" class=\"alignnone wp-image-6508\" src=\"https:\/\/mosillus.com\/go\/wp-content\/uploads\/2019\/09\/ok_go.png\" alt=\"\" width=\"19\" height=\"12\" \/>Beschriftungen, Schilder, Banner<\/p>\n<p><img loading=\"lazy\" decoding=\"async\" class=\"alignnone wp-image-6508\" src=\"https:\/\/mosillus.com\/go\/wp-content\/uploads\/2019\/09\/ok_go.png\" alt=\"\" width=\"19\" height=\"12\" \/>Fotomontagen, Videomontagen<\/p>\n<p><img loading=\"lazy\" decoding=\"async\" class=\"alignnone wp-image-6508\" src=\"https:\/\/mosillus.com\/go\/wp-content\/uploads\/2019\/09\/ok_go.png\" alt=\"\" width=\"19\" height=\"12\" \/>Textildruck InHouse<\/p>\n<p><img loading=\"lazy\" decoding=\"async\" class=\"alignnone wp-image-6508\" src=\"https:\/\/mosillus.com\/go\/wp-content\/uploads\/2019\/09\/ok_go.png\" alt=\"\" width=\"19\" height=\"12\" \/>Colorgrading, Videoverbesserungen<\/p>\n<p><img loading=\"lazy\" decoding=\"async\" class=\"alignnone wp-image-6508\" src=\"https:\/\/mosillus.com\/go\/wp-content\/uploads\/2019\/09\/ok_go.png\" alt=\"\" width=\"19\" height=\"12\" \/>Icon Design &amp; Pixelgrafik<\/p>\n<p><img loading=\"lazy\" decoding=\"async\" class=\"alignnone wp-image-6508\" src=\"https:\/\/mosillus.com\/go\/wp-content\/uploads\/2019\/09\/ok_go.png\" alt=\"\" width=\"19\" height=\"12\" \/>APG Plakat Werbung<\/p>\n<p><img loading=\"lazy\" decoding=\"async\" class=\"alignnone wp-image-6508\" src=\"https:\/\/mosillus.com\/go\/wp-content\/uploads\/2019\/09\/ok_go.png\" alt=\"\" width=\"19\" height=\"12\" \/>Sprecher-Aufnahmen, Gesangs-Aufnahmen<\/p>\n<p><img loading=\"lazy\" decoding=\"async\" class=\"alignnone wp-image-6508\" src=\"https:\/\/mosillus.com\/go\/wp-content\/uploads\/2019\/09\/ok_go.png\" alt=\"\" width=\"19\" height=\"12\" \/>Wissenschaftliche Illustrationen[\/vc_column_text][\/vc_column][\/vc_row][vc_row][vc_column][vc_separator][vc_column_text]<\/p>\n<div class=\"fw-row\">\n<div class=\"sh-column sh-column-c4c1a4679b5e4dc3cab93c2fba33da37 fw-col-xs-12\">\n<div class=\"sh-column-wrapper\">\n<div id=\"text-block-128e1fcae864b304d2ce03035e6df57c\" class=\"sh-text-block\">\n<h2 class=\"title\"><strong>Unsere Mission<\/strong><\/h2>\n<\/div>\n<\/div>\n<\/div>\n<\/div>\n<p>[\/vc_column_text][\/vc_column][\/vc_row][vc_row][vc_column width=&#8221;1\/2&#8243;][vc_column_text css=&#8221;&#8221;]<\/p>\n<div class=\"fw-row\">\n<div class=\"sh-column sh-column-c4c1a4679b5e4dc3cab93c2fba33da37 fw-col-xs-12\">\n<div class=\"sh-column-wrapper\">\n<div id=\"text-block-128e1fcae864b304d2ce03035e6df57c\" class=\"sh-text-block\">\n<p data-start=\"180\" data-end=\"650\">Mosillus.com Media ist eine eingetragene Firma, die sich auf visuelle Kommunikation, Multimedia und Grafikdesign spezialisiert hat. Gegr\u00fcndet im Jahr 2001 von Jos\u00e9 Federspiel \u2013 direkt nach seinem Studium an der Fachhochschule Luzern \u2013 steht das Unternehmen f\u00fcr kreative und ma\u00dfgeschneiderte L\u00f6sungen im Bereich der neuen Medien.<br data-start=\"508\" data-end=\"511\" \/>Die Mission: Qualit\u00e4t zu einem fairen Preis \u2013 mit einem Stundensatz von 150 CHF wird ein hervorragendes Preis-Leistungs-Verh\u00e4ltnis geboten.<\/p>\n<p data-start=\"652\" data-end=\"1001\">In den vergangenen 24 Jahren hat Jos\u00e9 Federspiel mit Mosillus \u00fcber 100 Logos und mehr als 90 CD-Cover gestaltet. Dabei konnte er zahlreiche spannende Projekte begleiten und Kundinnen und Kunden aus unterschiedlichsten Branchen unterst\u00fctzen. Ob Markenentwicklung, Design oder digitale Medien \u2013 Erfahrung und Leidenschaft flie\u00dfen in jedes neue Projekt ein.<\/p>\n<\/div>\n<\/div>\n<\/div>\n<\/div>\n<p>[\/vc_column_text][\/vc_column][vc_column width=&#8221;1\/2&#8243;][vc_column_text]<\/p>\n<p data-start=\"1003\" data-end=\"1198\">Unsere Dienstleistungen richten sich an die Industrie, den Handel und den Tourismussektor \u2013 dabei wird auch das Kleingewerbe nicht aus dem Blick verloren, denn jede Zusammenarbeit ist von Bedeutung.<\/p>\n<p data-start=\"1200\" data-end=\"1676\">Ein professioneller visueller Auftritt \u2013 sei es durch Corporate Design, Webdesign oder andere Medien \u2013 ist entscheidend, um wettbewerbsf\u00e4hig zu bleiben. Neben gestalterischem und technischem Know-how liegt der Schwerpunkt auf der Entwicklung starker Marken und durchdachter Gesamtkonzepte.<br data-start=\"1489\" data-end=\"1492\" \/>Zudem unterst\u00fctzt Jos\u00e9 Federspiel bei der Wahl geeigneter Drucktechniken und Materialien und sorgt f\u00fcr eine termingerechte Umsetzung aller Projekte. Anfragen sind jederzeit willkommen.<\/p>\n<p data-start=\"1678\" data-end=\"1793\">PS: \u00dcbrigens \u2013 Mosillus.com Media wird durchgehend mit 5 Sternen bei Google bewertet, was besonders erfreulich ist. Vielen Dank f\u00fcr Ihr Interesse an unseren Produkten \u2013 Ihr Jos\u00e9 Federspiel[\/vc_column_text][\/vc_column][\/vc_row][vc_row][vc_column][vc_separator][vc_column_text]<\/p>\n<div class=\"fw-row\">\n<div class=\"sh-column sh-column-c4c1a4679b5e4dc3cab93c2fba33da37 fw-col-xs-12\">\n<div class=\"sh-column-wrapper\">\n<div id=\"text-block-128e1fcae864b304d2ce03035e6df57c\" class=\"sh-text-block\"><\/div>\n<\/div>\n<\/div>\n<\/div>\n<div class=\"fw-row\">\n<div class=\"sh-column sh-column-c4c1a4679b5e4dc3cab93c2fba33da37 fw-col-xs-12\">\n<div class=\"sh-column-wrapper\">\n<div id=\"text-block-128e1fcae864b304d2ce03035e6df57c\" class=\"sh-text-block\">\n<h2><strong>Noch Fragen?<\/strong><\/h2>\n<\/div>\n<\/div>\n<\/div>\n<\/div>\n<p>[\/vc_column_text][vc_column_text]<\/p>\n<div class=\"fw-row\">\n<div class=\"sh-column sh-column-c4c1a4679b5e4dc3cab93c2fba33da37 fw-col-xs-12\">\n<div class=\"sh-column-wrapper\">\n<div id=\"text-block-128e1fcae864b304d2ce03035e6df57c\" class=\"sh-text-block\">\n<p>Wie l\u00e4uft das alles eigentlich genau ab? Falls Sie mehr dazu wissen wollen, hier gehts weiter&#8230;<\/p>\n<p><a href=\"https:\/\/mosillus.com\/go\/index.php\/auftrag\/\"><img loading=\"lazy\" decoding=\"async\" class=\"alignnone wp-image-6457\" src=\"https:\/\/mosillus.com\/go\/wp-content\/uploads\/2019\/09\/Bildschirmfoto-2019-09-11-um-12.32.56.png\" alt=\"\" width=\"65\" height=\"64\" \/><\/a><\/p>\n<\/div>\n<\/div>\n<\/div>\n<\/div>\n<p>[\/vc_column_text][\/vc_column][\/vc_row]<\/p>\n<\/div>","protected":false},"excerpt":{"rendered":"<p>[vc_row][vc_column][vc_empty_space height=&#8221;52px&#8221;][\/vc_column][\/vc_row][vc_row][vc_column width=&#8221;1\/2&#8243;][vc_single_image image=&#8221;10205&#8243; img_size=&#8221;full&#8221; css_animation=&#8221;bounceInDown&#8221;][\/vc_column][vc_column width=&#8221;1\/2&#8243;][vc_column_text] Wieso Mosillus.com? \u00abIch mach &#8211;&#8230;<\/p>\n","protected":false},"author":1,"featured_media":0,"parent":0,"menu_order":0,"comment_status":"closed","ping_status":"closed","template":"","meta":{"footnotes":""},"class_list":["post-9638","page","type-page","status-publish","hentry"],"_links":{"self":[{"href":"https:\/\/mosillus.com\/go\/wp-json\/wp\/v2\/pages\/9638","targetHints":{"allow":["GET"]}}],"collection":[{"href":"https:\/\/mosillus.com\/go\/wp-json\/wp\/v2\/pages"}],"about":[{"href":"https:\/\/mosillus.com\/go\/wp-json\/wp\/v2\/types\/page"}],"author":[{"embeddable":true,"href":"https:\/\/mosillus.com\/go\/wp-json\/wp\/v2\/users\/1"}],"replies":[{"embeddable":true,"href":"https:\/\/mosillus.com\/go\/wp-json\/wp\/v2\/comments?post=9638"}],"version-history":[{"count":38,"href":"https:\/\/mosillus.com\/go\/wp-json\/wp\/v2\/pages\/9638\/revisions"}],"predecessor-version":[{"id":11227,"href":"https:\/\/mosillus.com\/go\/wp-json\/wp\/v2\/pages\/9638\/revisions\/11227"}],"wp:attachment":[{"href":"https:\/\/mosillus.com\/go\/wp-json\/wp\/v2\/media?parent=9638"}],"curies":[{"name":"wp","href":"https:\/\/api.w.org\/{rel}","templated":true}]}}