{"id":9364,"date":"2023-10-31T09:08:18","date_gmt":"2023-10-31T09:08:18","guid":{"rendered":"https:\/\/mosillus.com\/go\/?page_id=9364"},"modified":"2026-01-16T14:52:33","modified_gmt":"2026-01-16T14:52:33","slug":"audio-produktion","status":"publish","type":"page","link":"https:\/\/mosillus.com\/go\/audio-produktion\/","title":{"rendered":"AUDIOPRODUKTION"},"content":{"rendered":"<div class=\"wpb-content-wrapper\"><p>[vc_row][vc_column][vc_empty_space][vc_column_text css=&#8221;&#8221;]<\/p>\r\n<h2>AUDIOPRODUKTION<\/h2>\r\n<p data-path-to-node=\"7,0\">Egal ob Voiceover, Rap-Parts oder Werbe-Jingles \u2013 wir bringen deine Stimme ganz gro\u00df raus. Mit einer Auswahl aus sieben erstklassigen Gro\u00dfmembran-Mics und einer perfekt isolierten Sprecherbox liefern wir dir genau den knackigen Sound, den dein Projekt braucht.<\/p>\r\n<p data-path-to-node=\"7,0\">Du willst ein Instrument aufnehmen? Kein Problem! Auch wenn wir nicht f\u00fcr ganze Bands ausgelegt sind, nehmen wir Einzelinstrumente gerne nacheinander im Overdub-Verfahren auf, um maximale Pr\u00e4zision aus jedem Take zu kitzeln.<\/p>\r\n<p>Beispiel: K\u00e4ppeli ( Stimme: Alexandra Donau, Konzept: Mario Bianchi)<\/p>\r\n<audio class=\"wp-audio-shortcode\" id=\"audio-9364-1\" preload=\"none\" style=\"width: 100%;\" controls=\"controls\"><source type=\"audio\/mpeg\" src=\"https:\/\/mosillus.com\/go\/wp-content\/uploads\/2024\/08\/Kaeppeli_v04.m4a?_=1\" \/><a href=\"https:\/\/mosillus.com\/go\/wp-content\/uploads\/2024\/08\/Kaeppeli_v04.m4a\">https:\/\/mosillus.com\/go\/wp-content\/uploads\/2024\/08\/Kaeppeli_v04.m4a<\/a><\/audio>\r\n<p>&nbsp;<\/p>\r\n<p>F\u00fcr folgende Musiker\/Rapper konnte ich mit Mosillus.com bereits musikalische Aufnahmen realisieren: Rennie (Sektion Kuchik\u00e4schtli), Gimma, Ali de Bengali, LIV, Marcus Aurelius, Steven Egal, Tommy Vercetti, Thomahawk, Tinguely d\u00e4 Chn\u00e4cht, Semantik, Mr. Skip, Microbatik, Chris Bluemoon, Breitbild, Ostblock Kuabuaba, Hyphen (Breitbild) Pain etc&#8230;<\/p>\r\n<p>[\/vc_column_text][\/vc_column][\/vc_row][vc_row][vc_column][vc_column_text]<!-- \/wp:post-content --><\/p>\r\n<!-- wp:image {\"id\":9376,\"sizeSlug\":\"full\",\"linkDestination\":\"none\"} -->\r\n<figure class=\"wp-block-image size-full\"><img loading=\"lazy\" decoding=\"async\" width=\"1280\" height=\"853\" class=\"wp-image-9376\" src=\"https:\/\/mosillus.com\/go\/wp-content\/uploads\/2023\/10\/mischer.jpg\" alt=\"\" srcset=\"https:\/\/mosillus.com\/go\/wp-content\/uploads\/2023\/10\/mischer.jpg 1280w, https:\/\/mosillus.com\/go\/wp-content\/uploads\/2023\/10\/mischer-1200x800.jpg 1200w, https:\/\/mosillus.com\/go\/wp-content\/uploads\/2023\/10\/mischer-768x512.jpg 768w\" sizes=\"auto, (max-width: 1280px) 100vw, 1280px\" \/><\/figure>\r\n<p><!-- \/wp:image -->\u00a0<\/p>\r\n<!-- wp:image {\"id\":9377,\"sizeSlug\":\"large\",\"linkDestination\":\"none\"} -->\r\n<figure class=\"wp-block-image size-large\"><img loading=\"lazy\" decoding=\"async\" width=\"1803\" height=\"1200\" class=\"wp-image-9377\" src=\"https:\/\/mosillus.com\/go\/wp-content\/uploads\/2023\/10\/mosillus_mic-1803x1200.jpg\" alt=\"\" srcset=\"https:\/\/mosillus.com\/go\/wp-content\/uploads\/2023\/10\/mosillus_mic-1803x1200.jpg 1803w, https:\/\/mosillus.com\/go\/wp-content\/uploads\/2023\/10\/mosillus_mic-1200x799.jpg 1200w, https:\/\/mosillus.com\/go\/wp-content\/uploads\/2023\/10\/mosillus_mic-768x511.jpg 768w, https:\/\/mosillus.com\/go\/wp-content\/uploads\/2023\/10\/mosillus_mic-1536x1022.jpg 1536w, https:\/\/mosillus.com\/go\/wp-content\/uploads\/2023\/10\/mosillus_mic.jpg 1920w\" sizes=\"auto, (max-width: 1803px) 100vw, 1803px\" \/><\/figure>\r\n<p><!-- \/wp:image -->[\/vc_column_text][\/vc_column][\/vc_row][vc_row][vc_column][\/vc_column][\/vc_row]<\/p><\/div>","protected":false},"excerpt":{"rendered":"<p>[vc_row][vc_column][vc_empty_space][vc_column_text css=&#8221;&#8221;] AUDIOPRODUKTION Egal ob Voiceover, Rap-Parts oder Werbe-Jingles \u2013 wir bringen&#8230;<\/p>\n","protected":false},"author":1,"featured_media":0,"parent":0,"menu_order":0,"comment_status":"closed","ping_status":"closed","template":"","meta":{"footnotes":""},"class_list":["post-9364","page","type-page","status-publish","hentry"],"_links":{"self":[{"href":"https:\/\/mosillus.com\/go\/wp-json\/wp\/v2\/pages\/9364","targetHints":{"allow":["GET"]}}],"collection":[{"href":"https:\/\/mosillus.com\/go\/wp-json\/wp\/v2\/pages"}],"about":[{"href":"https:\/\/mosillus.com\/go\/wp-json\/wp\/v2\/types\/page"}],"author":[{"embeddable":true,"href":"https:\/\/mosillus.com\/go\/wp-json\/wp\/v2\/users\/1"}],"replies":[{"embeddable":true,"href":"https:\/\/mosillus.com\/go\/wp-json\/wp\/v2\/comments?post=9364"}],"version-history":[{"count":26,"href":"https:\/\/mosillus.com\/go\/wp-json\/wp\/v2\/pages\/9364\/revisions"}],"predecessor-version":[{"id":11004,"href":"https:\/\/mosillus.com\/go\/wp-json\/wp\/v2\/pages\/9364\/revisions\/11004"}],"wp:attachment":[{"href":"https:\/\/mosillus.com\/go\/wp-json\/wp\/v2\/media?parent=9364"}],"curies":[{"name":"wp","href":"https:\/\/api.w.org\/{rel}","templated":true}]}}