{"id":8648,"date":"2022-03-31T12:33:03","date_gmt":"2022-03-31T12:33:03","guid":{"rendered":"https:\/\/mosillus.com\/go\/?page_id=8648"},"modified":"2026-01-17T11:19:59","modified_gmt":"2026-01-17T11:19:59","slug":"vr-360-grad-3d","status":"publish","type":"page","link":"https:\/\/mosillus.com\/go\/vr-360-grad-3d\/","title":{"rendered":"VIDEOPRODUKTION"},"content":{"rendered":"<div class=\"wpb-content-wrapper\">[vc_row][vc_column][vc_column_text]\r\n<h2><strong>VIDEOPRODUKTION<\/strong><\/h2>\r\n[\/vc_column_text][\/vc_column][\/vc_row][vc_row][vc_column width=&#8221;1\/2&#8243;][vc_empty_space][vc_column_text]<strong>Mosillus Media: Dein Partner f\u00fcr Visuelle Erlebnisse<\/strong>\r\n\r\nMosillus ist ein kreatives Produktionsunternehmen, das sich auf die Erstellung von Grafikdesign, Imagefilmen, Erkl\u00e4rvideos, Animationen (einschlie\u00dflich Compositing), Musikvideos sowie innovativen 3D-Videos im Virtual-Reality-Raum spezialisiert hat. Diese breite Palette an Dienstleistungen erm\u00f6glicht es uns, ma\u00dfgeschneiderte visuelle Inhalte zu produzieren, die genau auf die Bed\u00fcrfnisse unserer Kunden abgestimmt sind.\r\n\r\nUnsere Dienstleistungen umfassen:\r\n\r\n<strong>Imagefilme<\/strong>: Wir erstellen hochwertige Imagefilme, die die Identit\u00e4t und die Werte Ihres Unternehmens eindrucksvoll pr\u00e4sentieren. Diese Filme sind ein effektives Marketinginstrument, um Ihre Marke zu st\u00e4rken und Ihre Botschaft klar zu kommunizieren.\r\n\r\n<strong>Erkl\u00e4rvideos<\/strong>: Mit unseren informativen und ansprechenden Erkl\u00e4rvideos helfen wir Ihnen, komplexe Themen verst\u00e4ndlich zu machen. Diese Videos sind ideal, um Produkte, Dienstleistungen oder Prozesse auf einfache und visuelle Weise zu erkl\u00e4ren.\r\n\r\n<strong>Animation und Compositing<\/strong>: Unsere Expertise in Animation und Compositing erm\u00f6glicht es uns, dynamische und visuell beeindruckende Inhalte zu erstellen. Ob 2D- oder 3D-Animationen \u2013 wir setzen Ihre Ideen kreativ um und sorgen f\u00fcr ein einzigartiges visuelles Erlebnis.[\/vc_column_text][\/vc_column][vc_column width=&#8221;1\/2&#8243;][vc_empty_space][vc_column_text css=&#8221;&#8221;]<strong>Musikvideos<\/strong>: Wir produzieren inspirierende Musikvideos, die die Essenz der Musik einfangen und visuell verst\u00e4rken. Mit einem ausgepr\u00e4gten Sinn f\u00fcr \u00c4sthetik und einem kreativen Ansatz gestalten wir Videos, die Ihre Musik perfekt in Szene setzen.\r\n\r\n<strong>3D-Videos im VR-Raum<\/strong>: In der Welt der Virtual Reality bieten wir Ihnen innovative 3D-Videos, die ein immersives Erlebnis schaffen. Diese Videos sind ideal f\u00fcr Pr\u00e4sentationen, Schulungen und interaktive Erlebnisse, die Ihre Zuschauer in eine neue Dimension entf\u00fchren.\r\n\r\n<strong>KI-Produktionen: <\/strong>Seit 2022 integrieren wir gezielt KI-generiertes Material in unsere Projekte, sei es als eigenst\u00e4ndige, komplett KI-gest\u00fctzte Videoproduktion oder als kreative Erg\u00e4nzung zu real gefilmten Produktionen. K\u00fcnstliche Intelligenz er\u00f6ffnet uns neue M\u00f6glichkeiten, um visuelle Inhalte innovativ zu gestalten und komplexe Ideen auf eine beeindruckende Weise umzusetzen.\r\n\r\n<span>Mit dieser Technologie schaffen wir ma\u00dfgeschneiderte Animationen, visuelle Effekte und Szenen, die entweder alleinstehend oder harmonisch mit realen Filmaufnahmen verschmelzen. <\/span>\r\n\r\n<span>Unser Ziel ist es, KI-gest\u00fctzte Kreativit\u00e4t und traditionelle Filmkunst zu kombinieren, um einzigartige Erlebnisse f\u00fcr unser Publikum zu kreieren.<\/span>\r\n\r\n[\/vc_column_text][\/vc_column][vc_column][\/vc_column][\/vc_row][vc_row][vc_column][vc_video link=&#8221;https:\/\/youtu.be\/TRSwkd-l82s?si=aixNa9uinOGSqBtd&#8221; css=&#8221;&#8221;][vc_video link=&#8221;https:\/\/www.youtube.com\/watch?v=MRvy7dKs6IM&#8221; css=&#8221;&#8221;][vc_video link=&#8221;https:\/\/www.youtube.com\/watch?v=9UiExKwvAH0&#8243; css=&#8221;&#8221;][vc_video link=&#8221;https:\/\/www.youtube.com\/watch?v=YsJ1dH7JVKY&#8221;][vc_video link=&#8221;https:\/\/youtu.be\/FQFLFDql4oc&#8221;][vc_video link=&#8221;https:\/\/youtu.be\/CXZWO_WYsPc&#8221;][vc_video link=&#8221;https:\/\/youtu.be\/CUogVeC2l2s&#8221;][vc_video link=&#8221;https:\/\/youtu.be\/Mu41nAoOLP0&#8243;][vc_video link=&#8221;https:\/\/youtu.be\/DiERAzAa-V8&#8243;][vc_column_text css=&#8221;&#8221;]Um diese vielf\u00e4ltigen Dienstleistungen auf h\u00f6chstem Niveau anzubieten, arbeiten ich f\u00fcr einen Teil der Projekte mit meinem Schwager dem Kameramann und Fotografen Michael Brooks zusammen. Gemeinsam haben wir eine kleine, aber leistungsstarke Produktionsfirma gegr\u00fcndet, die sich durch Kreativit\u00e4t, Professionalit\u00e4t und Hingabe auszeichnet.\r\n\r\nMehr Informationen zu unseren Projekten und Dienstleistungen finden Sie auf unserer Webseite: <a href=\"http:\/\/www.falklandienfilm.ch\/\" target=\"_new\" rel=\"noreferrer noopener\">www.falklandienfilm.ch<\/a>.[\/vc_column_text][\/vc_column][\/vc_row][vc_row][vc_column][\/vc_column][\/vc_row]<!-- \/wp:post-content --><\/div>","protected":false},"excerpt":{"rendered":"<p>[vc_row][vc_column][vc_column_text] VIDEOPRODUKTION [\/vc_column_text][\/vc_column][\/vc_row][vc_row][vc_column width=&#8221;1\/2&#8243;][vc_empty_space][vc_column_text]Mosillus Media: Dein Partner f\u00fcr Visuelle Erlebnisse Mosillus ist&#8230;<\/p>\n","protected":false},"author":1,"featured_media":0,"parent":0,"menu_order":0,"comment_status":"closed","ping_status":"closed","template":"","meta":{"footnotes":""},"class_list":["post-8648","page","type-page","status-publish","hentry"],"_links":{"self":[{"href":"https:\/\/mosillus.com\/go\/wp-json\/wp\/v2\/pages\/8648","targetHints":{"allow":["GET"]}}],"collection":[{"href":"https:\/\/mosillus.com\/go\/wp-json\/wp\/v2\/pages"}],"about":[{"href":"https:\/\/mosillus.com\/go\/wp-json\/wp\/v2\/types\/page"}],"author":[{"embeddable":true,"href":"https:\/\/mosillus.com\/go\/wp-json\/wp\/v2\/users\/1"}],"replies":[{"embeddable":true,"href":"https:\/\/mosillus.com\/go\/wp-json\/wp\/v2\/comments?post=8648"}],"version-history":[{"count":59,"href":"https:\/\/mosillus.com\/go\/wp-json\/wp\/v2\/pages\/8648\/revisions"}],"predecessor-version":[{"id":11008,"href":"https:\/\/mosillus.com\/go\/wp-json\/wp\/v2\/pages\/8648\/revisions\/11008"}],"wp:attachment":[{"href":"https:\/\/mosillus.com\/go\/wp-json\/wp\/v2\/media?parent=8648"}],"curies":[{"name":"wp","href":"https:\/\/api.w.org\/{rel}","templated":true}]}}