{"id":8600,"date":"2022-03-30T12:36:40","date_gmt":"2022-03-30T12:36:40","guid":{"rendered":"https:\/\/mosillus.com\/go\/?page_id=8600"},"modified":"2026-03-07T23:24:36","modified_gmt":"2026-03-07T23:24:36","slug":"textildruck","status":"publish","type":"page","link":"https:\/\/mosillus.com\/go\/textildruck\/","title":{"rendered":"TEXTILDRUCK"},"content":{"rendered":"\n<h2 class=\"wp-block-heading\" style=\"text-transform:uppercase\"><strong>Textildruck<\/strong><\/h2>\n\n\n\n<p><strong>Mosillus bringt deine Ideen aufs Textil \u2013 kreativ, robust und individuell.<\/strong><\/p>\n\n\n\n<p>Ob f\u00fcr Vereine,&nbsp;Sportteams oder kreative K\u00f6pfe:&nbsp;Wir bieten dir hochwertige Textildrucke und Veredelungen,&nbsp;die nicht nur gut aussehen,&nbsp;sondern auch einiges aushalten.&nbsp;Unsere Drucke werden in unserer hauseigenen Textildruck Werkstatt gedruckt und sind besonders langlebig und widerstandsf\u00e4hig \u2013 ideal f\u00fcr Fu\u00dfball- und Sporttrikots sowie viele weitere Anwendungen.<\/p>\n\n\n\n<p>Ob als Einzelst\u00fcck zum Verschenken oder in gro\u00dfer Auflage f\u00fcr&nbsp;<strong>dein Team<\/strong>&nbsp;\u2013 wir setzen&nbsp;<strong>deine Vorstellungen<\/strong> professionell um.&nbsp;Auch Caps,&nbsp;Beanies,&nbsp;M\u00fctzen und Stofftaschen lassen sich ganz individuell gestalten.&nbsp;Ein Shirt mit einem Druck aus Schweizer Produktion gibt es \u00fcbrigens schon ab&nbsp;<strong>25.90 CHF<\/strong>&nbsp;(ab einer Auflage von 20 Shirts).<\/p>\n\n\n<div class=\"wp-block-image\">\n<figure class=\"aligncenter size-full\"><img loading=\"lazy\" decoding=\"async\" width=\"1694\" height=\"34\" src=\"https:\/\/mosillus.com\/go\/wp-content\/uploads\/2026\/01\/linie.png\" alt=\"\" class=\"wp-image-10986\" srcset=\"https:\/\/mosillus.com\/go\/wp-content\/uploads\/2026\/01\/linie.png 1694w, https:\/\/mosillus.com\/go\/wp-content\/uploads\/2026\/01\/linie-1200x24.png 1200w, https:\/\/mosillus.com\/go\/wp-content\/uploads\/2026\/01\/linie-768x15.png 768w, https:\/\/mosillus.com\/go\/wp-content\/uploads\/2026\/01\/linie-1536x31.png 1536w\" sizes=\"auto, (max-width: 1694px) 100vw, 1694px\" \/><\/figure>\n<\/div>\n\n\n<div class=\"wp-block-columns is-layout-flex wp-container-core-columns-is-layout-9d6595d7 wp-block-columns-is-layout-flex\">\n<div class=\"wp-block-column is-layout-flow wp-block-column-is-layout-flow\"><div class=\"wp-block-image\">\n<figure class=\"aligncenter size-large\"><img loading=\"lazy\" decoding=\"async\" width=\"1245\" height=\"1200\" src=\"https:\/\/mosillus.com\/go\/wp-content\/uploads\/2026\/01\/Vorschau_KL-1245x1200.jpg\" alt=\"\" class=\"wp-image-11033\" srcset=\"https:\/\/mosillus.com\/go\/wp-content\/uploads\/2026\/01\/Vorschau_KL-1245x1200.jpg 1245w, https:\/\/mosillus.com\/go\/wp-content\/uploads\/2026\/01\/Vorschau_KL-1200x1157.jpg 1200w, https:\/\/mosillus.com\/go\/wp-content\/uploads\/2026\/01\/Vorschau_KL-768x740.jpg 768w, https:\/\/mosillus.com\/go\/wp-content\/uploads\/2026\/01\/Vorschau_KL-1536x1480.jpg 1536w, https:\/\/mosillus.com\/go\/wp-content\/uploads\/2026\/01\/Vorschau_KL-2048x1974.jpg 2048w\" sizes=\"auto, (max-width: 1245px) 100vw, 1245px\" \/><\/figure>\n<\/div><\/div>\n\n\n\n<div class=\"wp-block-column is-layout-flow wp-block-column-is-layout-flow\">\n<h3 class=\"wp-block-heading\">Unsere Marken<\/h3>\n\n\n\n<p>Wir f\u00fchren eine breite Auswahl an Textilmarken, die du bei uns veredeln lassen kannst. Schau f\u00fcr mehr Inspiration einfach in unseren&nbsp;Katalog <strong><a href=\"https:\/\/mosillus.com\/go\/wp-content\/uploads\/2026\/01\/Textildruck_Katalog_2026.pdf\" data-type=\"link\" data-id=\"https:\/\/mosillus.com\/go\/wp-content\/uploads\/2026\/01\/Textildruck_Katalog_2026.pdf\">(LINK, PDF 260 MB)<\/a><\/strong>. F\u00fcr Muster- oder Preisanfragen sende uns am besten eine E-Mail, ruf uns an oder schreib uns ganz unkompliziert per WhatsApp (+41772260066).<\/p>\n\n\n\n<h3 class=\"wp-block-heading\">So funktioniert\u2019s<\/h3>\n\n\n\n<p>Sag uns einfach, was du brauchst: Welches&nbsp;Teil&nbsp;(Hoodie, Shirt, Cap etc. mit Teilenummer), welche&nbsp;Farbe,&nbsp;Gr\u00f6\u00dfe&nbsp;und&nbsp;Menge? Schick uns am besten direkt dein&nbsp;Druck-Motiv&nbsp;mit.<\/p>\n\n\n\n<p>In sp\u00e4testens 48 Stunden hast du dein pers\u00f6nliches Angebot im Postfach! Du willst den Stoff vorher f\u00fchlen? Komm nach Terminvereinbarung bei uns vorbei oder lass dir ein Muster nach Hause schicken (hierf\u00fcr f\u00e4llt eine kleine Geb\u00fchr an).<\/p>\n\n\n\n<p>Im Katalog bl\u00e4ttern: <strong><a href=\"https:\/\/www.textile-world.eu\/?lang=de&amp;customer=tw1\" data-type=\"link\" data-id=\"https:\/\/www.textile-world.eu\/?lang=de&amp;customer=tw1\">HIER<\/a><\/strong><\/p>\n<\/div>\n<\/div>\n\n\n\n<p class=\"has-text-align-center\"><strong>Lassen Sie Ihre Kreativit\u00e4t sichtbar werden \u2013 wir bringen sie aufs Textil.<\/strong><\/p>\n\n\n<div class=\"wp-block-image\">\n<figure class=\"aligncenter size-full\"><img loading=\"lazy\" decoding=\"async\" width=\"1694\" height=\"34\" src=\"https:\/\/mosillus.com\/go\/wp-content\/uploads\/2026\/01\/linie.png\" alt=\"\" class=\"wp-image-10986\" srcset=\"https:\/\/mosillus.com\/go\/wp-content\/uploads\/2026\/01\/linie.png 1694w, https:\/\/mosillus.com\/go\/wp-content\/uploads\/2026\/01\/linie-1200x24.png 1200w, https:\/\/mosillus.com\/go\/wp-content\/uploads\/2026\/01\/linie-768x15.png 768w, https:\/\/mosillus.com\/go\/wp-content\/uploads\/2026\/01\/linie-1536x31.png 1536w\" sizes=\"auto, (max-width: 1694px) 100vw, 1694px\" \/><\/figure>\n<\/div>\n\n\n<div class=\"wp-block-columns is-layout-flex wp-container-core-columns-is-layout-9d6595d7 wp-block-columns-is-layout-flex\">\n<div class=\"wp-block-column is-layout-flow wp-block-column-is-layout-flow\">\n<div class=\"wp-block-columns is-layout-flex wp-container-core-columns-is-layout-9d6595d7 wp-block-columns-is-layout-flex\">\n<div class=\"wp-block-column is-layout-flow wp-block-column-is-layout-flow\">\n<figure class=\"wp-block-image size-large\"><img loading=\"lazy\" decoding=\"async\" width=\"973\" height=\"1200\" src=\"https:\/\/mosillus.com\/go\/wp-content\/uploads\/2022\/03\/Wooky-973x1200.jpg\" alt=\"\" class=\"wp-image-8581\" srcset=\"https:\/\/mosillus.com\/go\/wp-content\/uploads\/2022\/03\/Wooky-973x1200.jpg 973w, https:\/\/mosillus.com\/go\/wp-content\/uploads\/2022\/03\/Wooky-768x947.jpg 768w, https:\/\/mosillus.com\/go\/wp-content\/uploads\/2022\/03\/Wooky-1245x1536.jpg 1245w, https:\/\/mosillus.com\/go\/wp-content\/uploads\/2022\/03\/Wooky.jpg 1400w\" sizes=\"auto, (max-width: 973px) 100vw, 973px\" \/><figcaption class=\"wp-element-caption\"><sup><kbd>SIEBDRUCK<\/kbd><\/sup><\/figcaption><\/figure>\n<\/div>\n\n\n\n<div class=\"wp-block-column is-layout-flow wp-block-column-is-layout-flow\">\n<figure class=\"wp-block-image size-large\"><img loading=\"lazy\" decoding=\"async\" width=\"973\" height=\"1200\" src=\"https:\/\/mosillus.com\/go\/wp-content\/uploads\/2024\/03\/Fussball-973x1200.jpg\" alt=\"\" class=\"wp-image-9887\" srcset=\"https:\/\/mosillus.com\/go\/wp-content\/uploads\/2024\/03\/Fussball-973x1200.jpg 973w, https:\/\/mosillus.com\/go\/wp-content\/uploads\/2024\/03\/Fussball-768x947.jpg 768w, https:\/\/mosillus.com\/go\/wp-content\/uploads\/2024\/03\/Fussball-1245x1536.jpg 1245w, https:\/\/mosillus.com\/go\/wp-content\/uploads\/2024\/03\/Fussball.jpg 1400w\" sizes=\"auto, (max-width: 973px) 100vw, 973px\" \/><figcaption class=\"wp-element-caption\"><sup><kbd>SPORT FLEXDRUCK<\/kbd><\/sup> <\/figcaption><\/figure>\n<\/div>\n<\/div>\n<\/div>\n\n\n\n<div class=\"wp-block-column is-layout-flow wp-block-column-is-layout-flow\">\n<div class=\"wp-block-columns is-layout-flex wp-container-core-columns-is-layout-9d6595d7 wp-block-columns-is-layout-flex\">\n<div class=\"wp-block-column is-layout-flow wp-block-column-is-layout-flow\">\n<figure class=\"wp-block-image size-large\"><img loading=\"lazy\" decoding=\"async\" width=\"973\" height=\"1200\" src=\"https:\/\/mosillus.com\/go\/wp-content\/uploads\/2024\/07\/Wappen_Print_F-973x1200.jpg\" alt=\"\" class=\"wp-image-10067\" srcset=\"https:\/\/mosillus.com\/go\/wp-content\/uploads\/2024\/07\/Wappen_Print_F-973x1200.jpg 973w, https:\/\/mosillus.com\/go\/wp-content\/uploads\/2024\/07\/Wappen_Print_F-768x947.jpg 768w, https:\/\/mosillus.com\/go\/wp-content\/uploads\/2024\/07\/Wappen_Print_F-1245x1536.jpg 1245w, https:\/\/mosillus.com\/go\/wp-content\/uploads\/2024\/07\/Wappen_Print_F.jpg 1400w\" sizes=\"auto, (max-width: 973px) 100vw, 973px\" \/><figcaption class=\"wp-element-caption\"><sup><kbd>TRANSFERDRUCK<\/kbd><\/sup><\/figcaption><\/figure>\n<\/div>\n\n\n\n<div class=\"wp-block-column is-layout-flow wp-block-column-is-layout-flow\">\n<figure class=\"wp-block-image size-large\"><img loading=\"lazy\" decoding=\"async\" width=\"973\" height=\"1200\" src=\"https:\/\/mosillus.com\/go\/wp-content\/uploads\/2024\/07\/OBK_Printy-973x1200.jpg\" alt=\"\" class=\"wp-image-10061\" srcset=\"https:\/\/mosillus.com\/go\/wp-content\/uploads\/2024\/07\/OBK_Printy-973x1200.jpg 973w, https:\/\/mosillus.com\/go\/wp-content\/uploads\/2024\/07\/OBK_Printy-768x947.jpg 768w, https:\/\/mosillus.com\/go\/wp-content\/uploads\/2024\/07\/OBK_Printy-1245x1536.jpg 1245w, https:\/\/mosillus.com\/go\/wp-content\/uploads\/2024\/07\/OBK_Printy.jpg 1400w\" sizes=\"auto, (max-width: 973px) 100vw, 973px\" \/><figcaption class=\"wp-element-caption\"><sup><kbd>2x FLEXDRUCK<\/kbd><\/sup><\/figcaption><\/figure>\n<\/div>\n<\/div>\n<\/div>\n\n\n\n<div class=\"wp-block-column is-layout-flow wp-block-column-is-layout-flow\">\n<div class=\"wp-block-columns is-layout-flex wp-container-core-columns-is-layout-9d6595d7 wp-block-columns-is-layout-flex\">\n<div class=\"wp-block-column is-layout-flow wp-block-column-is-layout-flow\">\n<figure class=\"wp-block-image size-full\"><img loading=\"lazy\" decoding=\"async\" width=\"1000\" height=\"1232\" src=\"https:\/\/mosillus.com\/go\/wp-content\/uploads\/2025\/06\/mo3d.jpg\" alt=\"\" class=\"wp-image-10595\" srcset=\"https:\/\/mosillus.com\/go\/wp-content\/uploads\/2025\/06\/mo3d.jpg 1000w, https:\/\/mosillus.com\/go\/wp-content\/uploads\/2025\/06\/mo3d-974x1200.jpg 974w, https:\/\/mosillus.com\/go\/wp-content\/uploads\/2025\/06\/mo3d-768x946.jpg 768w\" sizes=\"auto, (max-width: 1000px) 100vw, 1000px\" \/><figcaption class=\"wp-element-caption\"><sup><kbd>3D FLEXDRUCK<\/kbd><\/sup><\/figcaption><\/figure>\n<\/div>\n\n\n\n<div class=\"wp-block-column is-layout-flow wp-block-column-is-layout-flow\">\n<figure class=\"wp-block-image size-large\"><img loading=\"lazy\" decoding=\"async\" width=\"974\" height=\"1200\" src=\"https:\/\/mosillus.com\/go\/wp-content\/uploads\/2025\/06\/Flex-974x1200.jpg\" alt=\"\" class=\"wp-image-10596\" srcset=\"https:\/\/mosillus.com\/go\/wp-content\/uploads\/2025\/06\/Flex-974x1200.jpg 974w, https:\/\/mosillus.com\/go\/wp-content\/uploads\/2025\/06\/Flex-768x946.jpg 768w, https:\/\/mosillus.com\/go\/wp-content\/uploads\/2025\/06\/Flex.jpg 1000w\" sizes=\"auto, (max-width: 974px) 100vw, 974px\" \/><figcaption class=\"wp-element-caption\"><sup><kbd>FLEXDRUCK<\/kbd><\/sup><\/figcaption><\/figure>\n<\/div>\n<\/div>\n<\/div>\n<\/div>\n\n\n\n<figure class=\"wp-block-gallery has-nested-images columns-default is-cropped wp-block-gallery-1 is-layout-flex wp-block-gallery-is-layout-flex\">\n<figure class=\"wp-block-image size-large\"><img loading=\"lazy\" decoding=\"async\" width=\"1078\" height=\"1200\" data-id=\"11251\" src=\"https:\/\/mosillus.com\/go\/wp-content\/uploads\/2026\/03\/IMG_20260307_170100-1078x1200.jpg\" alt=\"\" class=\"wp-image-11251\" srcset=\"https:\/\/mosillus.com\/go\/wp-content\/uploads\/2026\/03\/IMG_20260307_170100-1078x1200.jpg 1078w, https:\/\/mosillus.com\/go\/wp-content\/uploads\/2026\/03\/IMG_20260307_170100-768x855.jpg 768w, https:\/\/mosillus.com\/go\/wp-content\/uploads\/2026\/03\/IMG_20260307_170100-1379x1536.jpg 1379w, https:\/\/mosillus.com\/go\/wp-content\/uploads\/2026\/03\/IMG_20260307_170100-1839x2048.jpg 1839w\" sizes=\"auto, (max-width: 1078px) 100vw, 1078px\" \/><\/figure>\n\n\n\n<figure class=\"wp-block-image size-full\"><img loading=\"lazy\" decoding=\"async\" width=\"1080\" height=\"1015\" data-id=\"11247\" src=\"https:\/\/mosillus.com\/go\/wp-content\/uploads\/2026\/03\/IMG_20260216_175455.jpg\" alt=\"\" class=\"wp-image-11247\" srcset=\"https:\/\/mosillus.com\/go\/wp-content\/uploads\/2026\/03\/IMG_20260216_175455.jpg 1080w, https:\/\/mosillus.com\/go\/wp-content\/uploads\/2026\/03\/IMG_20260216_175455-768x722.jpg 768w\" sizes=\"auto, (max-width: 1080px) 100vw, 1080px\" \/><\/figure>\n<\/figure>\n\n\n\n<p class=\"has-medium-font-size\"><strong>PREISE F\u00dcR TEXTILDRUCKE <\/strong><\/p>\n\n\n\n<p style=\"text-transform:uppercase\"><strong>Flexdruck \/ Flockdruck Premium Folie, (EINFACHE LOGOS,  SPORT TRIKOTS, NUMMERN)<\/strong><\/p>\n\n\n\n<p>Druck waschbar bis 60 Grad.<\/p>\n\n\n\n<figure class=\"wp-block-table is-style-regular\"><table><tbody><tr><td><strong>Auflage<\/strong><\/td><td><strong>1-farbig<\/strong><\/td><td><strong>2-farbig<\/strong><\/td><td><strong>3-farbig<\/strong><\/td><td>&nbsp;<\/td><\/tr><tr><td><strong>10<\/strong><\/td><td>23.90<\/td><td>29.90<\/td><td>&#8211;<\/td><td>&#8211;<\/td><\/tr><tr><td><strong>20<\/strong><\/td><td>22.90<\/td><td>26.90<\/td><td>&#8211;<\/td><td>&#8211;<\/td><\/tr><tr><td><strong>30<\/strong><\/td><td>21.90<\/td><td>23.90<\/td><td>26.90<\/td><td>&#8211;<\/td><\/tr><tr><td><strong>50<\/strong><\/td><td>20.90<\/td><td>22.90<\/td><td>25.90<\/td><td>&#8211;<strong> &nbsp;<\/strong><\/td><\/tr><tr><td><strong>100<\/strong><\/td><td>19.90<\/td><td>21.90<\/td><td>24.90<\/td><td>&#8211;<\/td><\/tr><\/tbody><\/table><\/figure>\n\n\n\n<figure class=\"wp-block-image size-full is-resized\"><img loading=\"lazy\" decoding=\"async\" width=\"370\" height=\"306\" src=\"https:\/\/mosillus.com\/go\/wp-content\/uploads\/2025\/04\/Bildschirmfoto-2025-04-22-um-10.41.09.png\" alt=\"\" class=\"wp-image-10372\" style=\"width:41px;height:auto\"\/><\/figure>\n\n\n\n<p style=\"text-transform:uppercase\"><strong>Siebdruck &amp; SIEBTRANSFER, (EINFACHE LOGOS, HOHE AUFLAGEN )<\/strong><\/p>\n\n\n\n<p>Druck waschbar bis 40 Grad. Exklusiv Einrichtungskosten Sieb.<\/p>\n\n\n\n<figure class=\"wp-block-table is-style-regular\"><table><tbody><tr><td><strong>Auflage<\/strong><\/td><td><strong>1-farbig<\/strong><\/td><td><strong>2-farbig<\/strong><\/td><td><strong>3-farbig<\/strong><\/td><td>&nbsp;<\/td><\/tr><tr><td><strong>20<\/strong><\/td><td>23.90<\/td><td>29.90<\/td><td>&#8211;<\/td><td>&#8211;<\/td><\/tr><tr><td><strong>30<\/strong><\/td><td>22.90<\/td><td>26.90<\/td><td>&#8211;<\/td><td>&#8211;<\/td><\/tr><tr><td><strong>40<\/strong><\/td><td>21.90<\/td><td>23.90<\/td><td>26.90<\/td><td>&#8211;<\/td><\/tr><tr><td><strong>50<\/strong><\/td><td>20.90<\/td><td>22.90<\/td><td>25.90<\/td><td>&#8211;<strong> &nbsp;<\/strong><\/td><\/tr><tr><td><strong>100<\/strong><\/td><td>19.90<\/td><td>21.90<\/td><td>24.90<\/td><td>&#8211;<\/td><\/tr><\/tbody><\/table><\/figure>\n\n\n\n<figure class=\"wp-block-image size-full is-resized\"><img loading=\"lazy\" decoding=\"async\" width=\"370\" height=\"306\" src=\"https:\/\/mosillus.com\/go\/wp-content\/uploads\/2025\/04\/Bildschirmfoto-2025-04-22-um-10.41.09.png\" alt=\"\" class=\"wp-image-10372\" style=\"width:41px;height:auto\"\/><\/figure>\n\n\n\n<p style=\"text-transform:uppercase\"><strong>Transferdruck \u00d6KO-TEX Zertifiziert,&nbsp;(KOMPLEXE LOGOS. BUNT MIT WEICHEN VERL\u00c4UFEN M\u00d6GLICH)<\/strong><\/p>\n\n\n\n<p>Druck sehr gut waschbar bis 30 oder 40 Grad je nach Maschine. <\/p>\n\n\n\n<figure class=\"wp-block-table\"><table><tbody><tr><td><strong>Auflage<\/strong><\/td><td><strong>4-farbig<\/strong><\/td><td><strong>x<\/strong><\/td><td><strong>x<\/strong><\/td><td><strong>x<\/strong><\/td><\/tr><tr><td><strong>1 &#8211; 10<\/strong><\/td><td>18.90<\/td><td>x<\/td><td>x<\/td><td>x<\/td><\/tr><tr><td><strong>&nbsp;20<\/strong><\/td><td>15.90<\/td><td>x<\/td><td>x<\/td><td>x<\/td><\/tr><tr><td><strong>50<\/strong><\/td><td>9.90<\/td><td>x<\/td><td>x<\/td><td>x<\/td><\/tr><tr><td><strong>75<\/strong><\/td><td>8.90<\/td><td>x<\/td><td>x<\/td><td>x<\/td><\/tr><tr><td><strong>100<\/strong><\/td><td>8.10<\/td><td>x<\/td><td>x<\/td><td>x<\/td><\/tr><\/tbody><\/table><\/figure>\n\n\n\n<figure class=\"wp-block-image size-full is-resized\"><img loading=\"lazy\" decoding=\"async\" width=\"370\" height=\"306\" src=\"https:\/\/mosillus.com\/go\/wp-content\/uploads\/2025\/04\/Bildschirmfoto-2025-04-22-um-10.41.09.png\" alt=\"\" class=\"wp-image-10372\" style=\"width:41px;height:auto\"\/><\/figure>\n\n\n\n<p class=\"has-text-align-center\"><strong>GUT ZU WISSEN<\/strong>!<\/p>\n\n\n\n<p class=\"has-text-align-center\">Bitte Waschinfos beachten! Zus\u00e4tzlich optional: Kleines Logo Emblem drucken 3,50.- (Beispielsweise auf \u00c4rmel Schulter etc.), Etikettendruck mit eigenem Logo je 2,50.- (Etikettendruck Einrichtungskosten je 30.-)<\/p>\n\n\n\n<p class=\"has-text-align-center\">Am liebsten verwenden wir Textilienlieferanten, die das Label der Fair Wear Foundation tragen. Gerne helfen wir ihnen bei Fragen per Mail oder Telefon weiter und schaut doch auch mal in unserem <strong><a href=\"https:\/\/mosillus.com\/go\/index.php\/textildruck-faq\/\" data-type=\"page\" data-id=\"10337\">FAQ<\/a><\/strong> vorbei!<\/p>\n\n\n<div class=\"wp-block-image\">\n<figure class=\"aligncenter size-full is-resized\"><img loading=\"lazy\" decoding=\"async\" width=\"1200\" height=\"540\" src=\"https:\/\/mosillus.com\/go\/wp-content\/uploads\/2024\/03\/FairWear-logo.svg_.png\" alt=\"\" class=\"wp-image-9999\" style=\"width:151px;height:auto\" srcset=\"https:\/\/mosillus.com\/go\/wp-content\/uploads\/2024\/03\/FairWear-logo.svg_.png 1200w, https:\/\/mosillus.com\/go\/wp-content\/uploads\/2024\/03\/FairWear-logo.svg_-768x346.png 768w\" sizes=\"auto, (max-width: 1200px) 100vw, 1200px\" \/><\/figure>\n<\/div>","protected":false},"excerpt":{"rendered":"<p>Textildruck Mosillus bringt deine Ideen aufs Textil \u2013 kreativ, robust und individuell&#8230;.<\/p>\n","protected":false},"author":1,"featured_media":0,"parent":0,"menu_order":0,"comment_status":"closed","ping_status":"closed","template":"","meta":{"footnotes":""},"class_list":["post-8600","page","type-page","status-publish","hentry"],"_links":{"self":[{"href":"https:\/\/mosillus.com\/go\/wp-json\/wp\/v2\/pages\/8600","targetHints":{"allow":["GET"]}}],"collection":[{"href":"https:\/\/mosillus.com\/go\/wp-json\/wp\/v2\/pages"}],"about":[{"href":"https:\/\/mosillus.com\/go\/wp-json\/wp\/v2\/types\/page"}],"author":[{"embeddable":true,"href":"https:\/\/mosillus.com\/go\/wp-json\/wp\/v2\/users\/1"}],"replies":[{"embeddable":true,"href":"https:\/\/mosillus.com\/go\/wp-json\/wp\/v2\/comments?post=8600"}],"version-history":[{"count":363,"href":"https:\/\/mosillus.com\/go\/wp-json\/wp\/v2\/pages\/8600\/revisions"}],"predecessor-version":[{"id":11253,"href":"https:\/\/mosillus.com\/go\/wp-json\/wp\/v2\/pages\/8600\/revisions\/11253"}],"wp:attachment":[{"href":"https:\/\/mosillus.com\/go\/wp-json\/wp\/v2\/media?parent=8600"}],"curies":[{"name":"wp","href":"https:\/\/api.w.org\/{rel}","templated":true}]}}