{"id":8353,"date":"2021-10-21T09:19:36","date_gmt":"2021-10-21T09:19:36","guid":{"rendered":"https:\/\/mosillus.com\/go\/?page_id=8353"},"modified":"2025-04-01T08:07:22","modified_gmt":"2025-04-01T08:07:22","slug":"fotomontage","status":"publish","type":"page","link":"https:\/\/mosillus.com\/go\/fotomontage\/","title":{"rendered":"FOTOMONTAGE"},"content":{"rendered":"<div class=\"wpb-content-wrapper\"><p>[vc_row][vc_column overflow=&#8221;default&#8221; css=&#8221;.vc_custom_1663141553644{margin-top: 30px !important;border-top-width: 30px !important;padding-top: 30px !important;}&#8221;][vc_column_text css=&#8221;.vc_custom_1675363030500{border-top-width: 20px !important;}&#8221;]<\/p>\r\n<p>Mittels Fotomontage werden Bilder verbessert. Die Fotomontage ist eine spezielle fotografische Technik, basierend auf der Collage, unterschiedliche Bildelemente in einem Bild zu vereinen. Durch das Zusammenf\u00fcgen unterschiedlicher Bildelemente entsteht eine neue Komposition und somit eine neue Aussage. Oftmals dient die Fotomontage der Verdeutlichung, Kontextuierung oder der Satire. Mosillus stellt immer wieder aus eigener Initiative oder auf Kundenwunsch Fotomontagen her. Hier ein Beispiel:<\/p>\r\n<p>[\/vc_column_text][\/vc_column][\/vc_row][vc_row][vc_column overflow=&#8221;default&#8221; css=&#8221;.vc_custom_1663141436858{margin-bottom: 40px !important;border-bottom-width: 40px !important;padding-bottom: 40px !important;}&#8221;]\r\n<script type=\"text\/javascript\">\r\n\tjQuery(window).load(function() {\r\n\t\tif( jQuery.isFunction( jQuery.fn.twentytwenty ) ) {\r\n\t\t\tjQuery(\"#image-comparison-j8D6KVdn07\").twentytwenty({\r\n\t\t\t\tdefault_offset_pct: 0.5,\r\n\t\t\t});\r\n\t\t}\r\n\t});\r\n<\/script>\r\n\r\n<div class=\"sh-image-comparison-container\">\r\n\t<div id=\"image-comparison-j8D6KVdn07\" class=\"sh-image-comparison\">\r\n\t\t<img decoding=\"async\" src=\"https:\/\/mosillus.com\/go\/wp-content\/uploads\/2019\/09\/original_foto_jenins.jpg\" alt=\"\" \/>\r\n\t\t<img decoding=\"async\" src=\"https:\/\/mosillus.com\/go\/wp-content\/uploads\/2019\/09\/fotomontage_jenins.jpg\" alt=\"\" \/>\r\n\t<\/div>\r\n<\/div>\r\n            <style type=\"text\/css\">\r\n                #image-comparison-j8D6KVdn07 .twentytwenty-handle {background-color: #ff7f00;}#image-comparison-j8D6KVdn07 .twentytwenty-overlay {display: none;}            <\/style>\r\n        [\/vc_column][\/vc_row][vc_row][vc_column][vc_column_text css=&#8221;&#8221;]<\/p>\r\n<p><span style=\"font-size: 21px;\"><strong>Bildfehler korrigieren rasch und unkompliziert<\/strong><\/span><\/p>\r\n<p><span>Wir bieten ebenfalls Bildverbesseung und Sch\u00e4rfung im Profibereich. Ein Digitalbild kann bis zu 4 facher Pixelmenge via k\u00fcnstlicher Intelligenz hochgerechnet werden. Mit g\u00e4ngigen Fotoprogrammen ist dies unm\u00f6glich. Sch\u00e4rfen und Entrauschung des Bildes\/Grafik\/Photos via KI ist ebenfalls m\u00f6glich.<\/span><\/p>\r\n<p>[\/vc_column_text][\/vc_column][\/vc_row]<\/p><\/div>","protected":false},"excerpt":{"rendered":"<p>[vc_row][vc_column overflow=&#8221;default&#8221; css=&#8221;.vc_custom_1663141553644{margin-top: 30px !important;border-top-width: 30px !important;padding-top: 30px !important;}&#8221;][vc_column_text css=&#8221;.vc_custom_1675363030500{border-top-width: 20px !important;}&#8221;]&#8230;<\/p>\n","protected":false},"author":1,"featured_media":0,"parent":0,"menu_order":0,"comment_status":"closed","ping_status":"closed","template":"","meta":{"footnotes":""},"class_list":["post-8353","page","type-page","status-publish","hentry"],"_links":{"self":[{"href":"https:\/\/mosillus.com\/go\/wp-json\/wp\/v2\/pages\/8353","targetHints":{"allow":["GET"]}}],"collection":[{"href":"https:\/\/mosillus.com\/go\/wp-json\/wp\/v2\/pages"}],"about":[{"href":"https:\/\/mosillus.com\/go\/wp-json\/wp\/v2\/types\/page"}],"author":[{"embeddable":true,"href":"https:\/\/mosillus.com\/go\/wp-json\/wp\/v2\/users\/1"}],"replies":[{"embeddable":true,"href":"https:\/\/mosillus.com\/go\/wp-json\/wp\/v2\/comments?post=8353"}],"version-history":[{"count":28,"href":"https:\/\/mosillus.com\/go\/wp-json\/wp\/v2\/pages\/8353\/revisions"}],"predecessor-version":[{"id":10325,"href":"https:\/\/mosillus.com\/go\/wp-json\/wp\/v2\/pages\/8353\/revisions\/10325"}],"wp:attachment":[{"href":"https:\/\/mosillus.com\/go\/wp-json\/wp\/v2\/media?parent=8353"}],"curies":[{"name":"wp","href":"https:\/\/api.w.org\/{rel}","templated":true}]}}