{"id":1079,"date":"2019-09-03T07:34:34","date_gmt":"2019-09-03T07:34:34","guid":{"rendered":"https:\/\/mosillus.com\/go\/?page_id=1079"},"modified":"2025-06-26T10:50:59","modified_gmt":"2025-06-26T10:50:59","slug":"auftrag","status":"publish","type":"page","link":"https:\/\/mosillus.com\/go\/auftrag\/","title":{"rendered":"Auftragsablauf"},"content":{"rendered":"<div class=\"wpb-content-wrapper\"><p>[vc_row][vc_column][vc_column_text css=&#8221;&#8221;][\/vc_column_text][vc_column_text css=&#8221;&#8221;]<\/p>\n<h2><strong>So l\u00e4uft das ab&#8230;<\/strong><\/h2>\n<p>[\/vc_column_text][\/vc_column][\/vc_row][vc_row][vc_column width=&#8221;1\/2&#8243;][vc_column_text css_animation=&#8221;bounceInDown&#8221; css=&#8221;.vc_custom_1750935057735{margin-bottom: 50px !important;}&#8221;]<\/p>\n<p data-start=\"151\" data-end=\"2012\">\u2713 Sie rufen uns bez\u00fcglich eines gestalterischen Wunsches an oder kommen auf einen Caf\u00e9 oder Tee vorbei \u2026<br data-start=\"212\" data-end=\"215\" \/>\u2713 Sie erhalten von Mosillus.com eine Offerte \u2026<br data-start=\"261\" data-end=\"264\" \/>\u2713 Falls Ihnen unser Angebot zusagt, k\u00f6nnen Sie uns nun den Auftrag erteilen. Als Neukunde bezahlen Sie einen in Rechnung gestellte Anzahlung auf unser Firmenkonto ein, oder verhandeln mit uns eine Anzahlungspauschale. Sobald Ihre Zahlung bei uns eingetroffen ist, gilt dies als Startschuss f\u00fcr die Auftragsabwicklung.<br data-start=\"581\" data-end=\"584\" \/>\u2713 Mosillus erstellt Ihr Wunschprodukt oder eine Skizze. (Bei Logos z.\u202fB. 3 verschiedene Versionen, bei CD-Covers sowie f\u00fcr Printprodukte wird im Normalfall eine handgezeichnete oder collagierte Skizze des Konzeptes erstellt.) Die Skizze oder Vorschl\u00e4ge werden Ihnen gesendet und bei einem OK Ihrerseits am Computer gestaltet.<br data-start=\"909\" data-end=\"912\" data-is-only-node=\"\" \/>\u2713 Die Daten werden Ihnen als Bronze Master per Internet zugestellt.<br data-start=\"979\" data-end=\"982\" \/>\u2713 Sie haben einen \u00c4nderungswunsch sowie eine erg\u00e4nzende Idee (Die erste \u00c4nderung ist kostenlos).<br data-start=\"1071\" data-end=\"1074\" \/>\u2713 Die \u00c4nderungen werden vorgenommen und Ihre Daten werden Ihnen als Silbermaster per Mail oder Datenupload zugestellt. Falls alles ok ist, wird aus dem Silbermaster automatisch ein Goldmaster und geht nach Ihrem definitiven OK in den Bereich \u201eDruck\u201c.<br data-start=\"1324\" data-end=\"1327\" \/>\u2713 Falls Sie mit Ihrem Silbermaster noch nicht ganz zufrieden sind oder die von Ihnen gesendeten Texte Schreibfehler aufweisen und\/oder Sie weitere \u00c4nderungsw\u00fcnsche haben, ist mit einem Aufpreis zu rechnen. Dieser Betrag wird Ihnen von Mosillus.com ca. mitgeteilt.<br data-start=\"1590\" data-end=\"1593\" \/>\u2713 Die \u00c4nderung wird vorgenommen und Ihre Daten werden Ihnen als Goldmaster per Mail oder als Datenupload zugestellt.<br data-start=\"1709\" data-end=\"1712\" \/>\u2713 Auf Wunsch kann nun direkt von Mosillus das weitere Vorgehen mit der Druckerei geregelt werden.*<br data-start=\"1810\" data-end=\"1813\" \/>\u2713 Sie freuen sich \u00fcber Ihr, bei Mosillus Media erworbenes Produkt. Bei Datenverlust Ihrerseits garantieren wir f\u00fcr eine Sicherheitskopie w\u00e4hrend den n\u00e4chsten 12 Monate. (Webprodukte ausgeschlossen)<\/p>\n<p>Wir haften nicht f\u00fcr Fehldrucke, die der Druckerei entstehen.[\/vc_column_text][\/vc_column][vc_column width=&#8221;1\/2&#8243;][vc_column_text css=&#8221;&#8221;]<\/p>\n<section class=\"sh-section sh-section-b7586242a353eee6283997ec04d11f45 fw-main-row sh-section-visibility-everywhere\">\n<div class=\"sh-section-container container\">\n<div class=\"fw-row\">\n<div class=\"sh-column sh-column-aadf7bb07e340b4376ced34c60bd71a2 fw-col-xs-12\">\n<div class=\"sh-column-wrapper\">\n<div id=\"text-block-dbc407624977a7e31eb1ccf776fc9fa1\" class=\"sh-text-block\"><\/div>\n<\/div>\n<\/div>\n<\/div>\n<div class=\"fw-row\">\n<div class=\"sh-column sh-column-9c57287fecb112e820dc132d0a8d2e4e fw-col-xs-12 fw-col-sm-6\">\n<div class=\"sh-column-wrapper\">\n<div id=\"text-block-0ddbb112cd3441f094ff15ff82146c18\" class=\"sh-text-block\">\n<p>&nbsp;<\/p>\n<\/div>\n<\/div>\n<\/div>\n<div class=\"sh-column sh-column-b5f1da9dfd6fc432e7a62b3695262004 fw-col-xs-12 fw-col-sm-6\">\n<div class=\"sh-column-wrapper\">\n<div id=\"single-image-647a9e6cda3f67e1b2bffb20a050ce79\" class=\"sh-single-image \">\n<div class=\"sh-element-margin\">\n<div class=\"sh-single-image-container\">\n<p><img loading=\"lazy\" decoding=\"async\" class=\"sh-image-url\" src=\"https:\/\/mosillus.com\/go\/wp-content\/uploads\/2019\/09\/Imagebild-Ablauf.png\" alt=\"Imagebild-Ablauf\" width=\"760\" height=\"1321\" \/><\/p>\n<\/div>\n<\/div>\n<\/div>\n<\/div>\n<\/div>\n<\/div>\n<\/div>\n<\/section>\n<p><!-- c5fea66a8ce256a1a1811d79daff39ba -->[\/vc_column_text][\/vc_column][\/vc_row][vc_row][vc_column][vc_column_text css=&#8221;&#8221;]<a href=\"https:\/\/mosillus.com\/go\/index.php\/wieso\/\"><img loading=\"lazy\" decoding=\"async\" class=\"wp-image-6458 alignright\" src=\"http:\/\/mosillus.com\/go\/wp-content\/uploads\/2019\/09\/Bildschirmfoto-2019-09-11-um-12.32.53.png\" alt=\"\" width=\"70\" height=\"68\" \/><\/a>[\/vc_column_text][vc_column_text css=&#8221;&#8221;][\/vc_column_text][vc_column_text css=&#8221;&#8221;]<\/p>\n<p>[\/vc_column_text][vc_row_inner][vc_column_inner][vc_empty_space][\/vc_column_inner][\/vc_row_inner][\/vc_column][\/vc_row]<\/p>\n<\/div>","protected":false},"excerpt":{"rendered":"<p>[vc_row][vc_column][vc_column_text css=&#8221;&#8221;][\/vc_column_text][vc_column_text css=&#8221;&#8221;] So l\u00e4uft das ab&#8230; [\/vc_column_text][\/vc_column][\/vc_row][vc_row][vc_column width=&#8221;1\/2&#8243;][vc_column_text css_animation=&#8221;bounceInDown&#8221; css=&#8221;.vc_custom_1750935057735{margin-bottom: 50px&#8230;<\/p>\n","protected":false},"author":1,"featured_media":0,"parent":0,"menu_order":0,"comment_status":"closed","ping_status":"closed","template":"","meta":{"footnotes":""},"class_list":["post-1079","page","type-page","status-publish","hentry"],"_links":{"self":[{"href":"https:\/\/mosillus.com\/go\/wp-json\/wp\/v2\/pages\/1079","targetHints":{"allow":["GET"]}}],"collection":[{"href":"https:\/\/mosillus.com\/go\/wp-json\/wp\/v2\/pages"}],"about":[{"href":"https:\/\/mosillus.com\/go\/wp-json\/wp\/v2\/types\/page"}],"author":[{"embeddable":true,"href":"https:\/\/mosillus.com\/go\/wp-json\/wp\/v2\/users\/1"}],"replies":[{"embeddable":true,"href":"https:\/\/mosillus.com\/go\/wp-json\/wp\/v2\/comments?post=1079"}],"version-history":[{"count":64,"href":"https:\/\/mosillus.com\/go\/wp-json\/wp\/v2\/pages\/1079\/revisions"}],"predecessor-version":[{"id":10697,"href":"https:\/\/mosillus.com\/go\/wp-json\/wp\/v2\/pages\/1079\/revisions\/10697"}],"wp:attachment":[{"href":"https:\/\/mosillus.com\/go\/wp-json\/wp\/v2\/media?parent=1079"}],"curies":[{"name":"wp","href":"https:\/\/api.w.org\/{rel}","templated":true}]}}