{"id":10337,"date":"2025-04-22T06:08:21","date_gmt":"2025-04-22T06:08:21","guid":{"rendered":"https:\/\/mosillus.com\/go\/?page_id=10337"},"modified":"2026-01-14T21:47:13","modified_gmt":"2026-01-14T21:47:13","slug":"textildruck-faq","status":"publish","type":"page","link":"https:\/\/mosillus.com\/go\/textildruck-faq\/","title":{"rendered":"TEXTILDRUCK FAQ"},"content":{"rendered":"<h2 class=\"\" data-start=\"150\" data-end=\"198\"><strong data-start=\"153\" data-end=\"198\">FAQ \u2013 Textildrucksysteme &amp; Pflegehinweise<\/strong><\/h2>\n<hr \/>\n<h3 data-start=\"246\" data-end=\"266\"><strong data-start=\"251\" data-end=\"264\">Siebdruck<\/strong><\/h3>\n<p class=\"\" data-start=\"267\" data-end=\"282\"><em><strong data-start=\"267\" data-end=\"280\">Vorteile:<\/strong><\/em><\/p>\n<ul data-start=\"283\" data-end=\"424\">\n<li class=\"\" data-start=\"283\" data-end=\"326\">\n<p class=\"\" data-start=\"285\" data-end=\"326\"><em>Bew\u00e4hrtes Verfahren f\u00fcr den Textildruck<\/em><\/p>\n<\/li>\n<li class=\"\" data-start=\"327\" data-end=\"360\">\n<p class=\"\" data-start=\"329\" data-end=\"360\"><em>Sehr waschbest\u00e4ndig bis 40 \u00b0C<\/em><\/p>\n<\/li>\n<li class=\"\" data-start=\"361\" data-end=\"389\">\n<p class=\"\" data-start=\"363\" data-end=\"389\"><em>Hohe Strapazierf\u00e4higkeit<\/em><\/p>\n<\/li>\n<li class=\"\" data-start=\"390\" data-end=\"424\">\n<p class=\"\" data-start=\"392\" data-end=\"424\"><em>Kr\u00e4ftige und langlebige Farben<\/em><\/p>\n<\/li>\n<\/ul>\n<p class=\"\" data-start=\"426\" data-end=\"442\"><em><strong data-start=\"426\" data-end=\"440\">Nachteile:<\/strong><\/em><\/p>\n<ul data-start=\"443\" data-end=\"678\">\n<li class=\"\" data-start=\"443\" data-end=\"544\">\n<p class=\"\" data-start=\"445\" data-end=\"544\"><em>Aufw\u00e4ndig und kostspielig bei mehrfarbigen Motiven, da pro Farbe ein separates Sieb ben\u00f6tigt wird<\/em><\/p>\n<\/li>\n<li class=\"\" data-start=\"545\" data-end=\"612\">\n<p class=\"\" data-start=\"547\" data-end=\"612\"><em>Fotodrucke m\u00fcssen gerastert werden, daher f\u00fcr solche Motive weniger ideal<\/em><\/p>\n<\/li>\n<li class=\"\" data-start=\"613\" data-end=\"678\">\n<p class=\"\" data-start=\"615\" data-end=\"678\"><em>Eignet sich eher f\u00fcr hohe Auflagen<\/em><\/p>\n<\/li>\n<\/ul>\n<hr \/>\n<h3 data-start=\"685\" data-end=\"714\"><strong data-start=\"690\" data-end=\"712\">Flex- \/ Flockdruck<\/strong><\/h3>\n<p class=\"\" data-start=\"715\" data-end=\"730\"><em><strong data-start=\"715\" data-end=\"728\">Vorteile:<\/strong><\/em><\/p>\n<ul data-start=\"731\" data-end=\"992\">\n<li class=\"\" data-start=\"731\" data-end=\"806\">\n<p class=\"\" data-start=\"733\" data-end=\"806\"><em>Hervorragend f\u00fcr fl\u00e4chige, einfarbige Designs \u2013 ideal z.\u202fB. f\u00fcr Trikots, einfache Firmenlogos etc.<\/em><\/p>\n<\/li>\n<li class=\"\" data-start=\"807\" data-end=\"907\">\n<p class=\"\" data-start=\"809\" data-end=\"907\"><em>Das Motiv wird aus farbiger Flex- oder Flockfolie geschnitten und per Transferpresse aufgebracht<\/em><\/p>\n<\/li>\n<li class=\"\" data-start=\"908\" data-end=\"992\">\n<p class=\"\" data-start=\"910\" data-end=\"992\"><em>Sehr hohe Wasch<\/em><em>best\u00e4ndigkeit bis 40\u202f\u00b0C \u2013 h\u00e4lt meist l\u00e4nger als das Textil selbst. Drucke teilweise bis 60 % waschbar<\/em><\/p>\n<\/li>\n<li data-start=\"908\" data-end=\"992\"><em>Ideal f\u00fcr Kleider die oft gewaschen werden<\/em><\/li>\n<\/ul>\n<ul><\/ul>\n<p class=\"\" data-start=\"994\" data-end=\"1010\"><em><strong data-start=\"994\" data-end=\"1008\">Nachteile:<\/strong><\/em><\/p>\n<ul data-start=\"1011\" data-end=\"1197\">\n<li class=\"\" data-start=\"1011\" data-end=\"1134\">\n<p class=\"\" data-start=\"1013\" data-end=\"1134\"><em>Detaillierte oder mehrfarbige Motive sind aufw\u00e4ndig und teurer<\/em><\/p>\n<\/li>\n<li class=\"\" data-start=\"1135\" data-end=\"1197\">\n<p class=\"\" data-start=\"1137\" data-end=\"1197\"><em>Keine Farbverl\u00e4ufe m\u00f6glich und nicht f\u00fcr sehr kleine Logos unter 4cm geeignet.<\/em><\/p>\n<\/li>\n<\/ul>\n<div><\/div>\n<hr \/>\n<h3 data-start=\"1204\" data-end=\"1251\"><strong data-start=\"1209\" data-end=\"1249\">Transferdruck (\u00d6KO-TEX-zertifiziert)<\/strong><\/h3>\n<p class=\"\" data-start=\"1252\" data-end=\"1267\"><em><strong data-start=\"1252\" data-end=\"1265\">Vorteile:<\/strong><\/em><\/p>\n<ul data-start=\"1268\" data-end=\"1541\">\n<li class=\"\" data-start=\"1268\" data-end=\"1299\">\n<p class=\"\" data-start=\"1270\" data-end=\"1299\"><em>Ideal f\u00fcr kleinere Auflagen<\/em><\/p>\n<\/li>\n<li class=\"\" data-start=\"1300\" data-end=\"1392\">\n<p class=\"\" data-start=\"1302\" data-end=\"1392\"><em>Kosteng\u00fcnstig bei vierfarbigen Drucken, da kein zus\u00e4tzlicher Aufwand f\u00fcr Farben entsteht<\/em><\/p>\n<\/li>\n<li class=\"\" data-start=\"1393\" data-end=\"1455\">\n<p class=\"\" data-start=\"1395\" data-end=\"1455\"><em>Sehr gute Druckqualit\u00e4t \u2013 auch bei Farbverl\u00e4ufen und Fotos<\/em><\/p>\n<\/li>\n<li class=\"\" data-start=\"1456\" data-end=\"1496\">\n<p class=\"\" data-start=\"1458\" data-end=\"1496\"><em>Kr\u00e4ftige Farben und gute Haltbarkeit<\/em><\/p>\n<\/li>\n<li class=\"\" data-start=\"1497\" data-end=\"1541\">\n<p class=\"\" data-start=\"1499\" data-end=\"1541\"><em>Auch f\u00fcr kleine Motive sehr gut geeignet<\/em><\/p>\n<\/li>\n<\/ul>\n<p class=\"\" data-start=\"1543\" data-end=\"1559\"><em><strong data-start=\"1543\" data-end=\"1557\">Nachteile:<\/strong><\/em><\/p>\n<ul data-start=\"1560\" data-end=\"1755\">\n<li class=\"\" data-start=\"1560\" data-end=\"1604\">\n<p class=\"\" data-start=\"1562\" data-end=\"1604\"><em>Waschbar ideal bei max 30\u00b0C (Am besten mit 10-20 Min kurzem Schonwaschgang)<\/em><\/p>\n<\/li>\n<\/ul>\n<hr \/>\n<h3 class=\"\" data-start=\"2464\" data-end=\"2505\">\u00a0<\/h3>\n\n\n<p class=\"has-medium-font-size\"><strong>Weitere Infos<\/strong><\/p>\n\n\n\n<p class=\"has-text-align-left\">Bitte beachten Sie die mit dem Auftrag gelieferten Wasch- und Pflegehinweise, um eine m\u00f6glichst lange Lebensdauer der Veredelung zu gew\u00e4hrleisten. Auf Wunsch beraten wir Sie gerne bei der Auswahl des passenden Druckverfahrens.<\/p>\n\n\n\n<p>F\u00fcr stark beanspruchte Textilien wie Arbeitskleidung auf Baustellen oder Sporttrikots, die regelm\u00e4\u00dfig bei h\u00f6heren Temperaturen gewaschen werden, empfehlen wir den robusten und langlebigen <strong>Flexdruck<\/strong>. Dieses Druckverfahren eignet sich besonders gut f\u00fcr Anwendungen, bei denen Haltbarkeit und Waschbest\u00e4ndigkeit im Vordergrund stehen.&nbsp;Ebenfalls gut Waschbest\u00e4ndig bei 30% Grad ist der Transferdruck.<\/p>\n\n\n\n<p class=\"has-medium-font-size\"><strong>Musterexemplar<\/strong><\/p>\n\n\n\n<p style=\"font-size:16px\">Nicht sicher, welches Textil passt? Kommen Sie vorbei \u2013 wir haben diverse Muster f\u00fcr Sie hier an Lager bereit. F\u00fcr einen kleinen Aufpreis senden wir Ihnen auch gerne ein Musterexemplar.<br><br><\/p>\n","protected":false},"excerpt":{"rendered":"<p>FAQ \u2013 Textildrucksysteme &amp; Pflegehinweise Siebdruck Vorteile: Bew\u00e4hrtes Verfahren f\u00fcr den Textildruck&#8230;<\/p>\n","protected":false},"author":1,"featured_media":0,"parent":0,"menu_order":0,"comment_status":"closed","ping_status":"closed","template":"","meta":{"footnotes":""},"class_list":["post-10337","page","type-page","status-publish","hentry"],"_links":{"self":[{"href":"https:\/\/mosillus.com\/go\/wp-json\/wp\/v2\/pages\/10337","targetHints":{"allow":["GET"]}}],"collection":[{"href":"https:\/\/mosillus.com\/go\/wp-json\/wp\/v2\/pages"}],"about":[{"href":"https:\/\/mosillus.com\/go\/wp-json\/wp\/v2\/types\/page"}],"author":[{"embeddable":true,"href":"https:\/\/mosillus.com\/go\/wp-json\/wp\/v2\/users\/1"}],"replies":[{"embeddable":true,"href":"https:\/\/mosillus.com\/go\/wp-json\/wp\/v2\/comments?post=10337"}],"version-history":[{"count":46,"href":"https:\/\/mosillus.com\/go\/wp-json\/wp\/v2\/pages\/10337\/revisions"}],"predecessor-version":[{"id":10984,"href":"https:\/\/mosillus.com\/go\/wp-json\/wp\/v2\/pages\/10337\/revisions\/10984"}],"wp:attachment":[{"href":"https:\/\/mosillus.com\/go\/wp-json\/wp\/v2\/media?parent=10337"}],"curies":[{"name":"wp","href":"https:\/\/api.w.org\/{rel}","templated":true}]}}